{"id":4209,"date":"2023-10-09T17:23:49","date_gmt":"2023-10-09T14:23:49","guid":{"rendered":"https:\/\/www.vadizon.de\/?post_type=product&#038;p=4209"},"modified":"2023-10-12T14:50:38","modified_gmt":"2023-10-12T11:50:38","slug":"iris-jasmine-loni-holzgarderobe-mit-dekorativem-druck-und-4-tueren-4","status":"publish","type":"product","link":"https:\/\/vadizon.de\/index.php\/produkt\/iris-jasmine-loni-holzgarderobe-mit-dekorativem-druck-und-4-tueren-4\/","title":{"rendered":"Ir\u0131s Jasmine Loni Holzgarderobe mit dekorativem Druck und 4 T\u00fcren"},"content":{"rendered":"<p>Material: 1. QUALIT\u00c4TSSPERRHOLZ<br \/>\nBUCHENHOLZBEINE <br \/> PRODUKTMA\u00dfE: 192 X 180 X 52 CM<br \/>GEWICHT: 129 KG.<\/p>\n","protected":false},"excerpt":{"rendered":"<p>Material: 1. QUALIT\u00c4TSSPERRHOLZ BUCHENHOLZBEINE PRODUKTMA\u00dfE: 192 X 180 X 52 CMGEWICHT: 129 KG.<\/p>\n","protected":false},"featured_media":4284,"comment_status":"open","ping_status":"closed","template":"","meta":[],"product_brand":[],"product_cat":[33],"product_tag":[],"class_list":{"0":"post-4209","1":"product","2":"type-product","3":"status-publish","4":"has-post-thumbnail","6":"product_cat-moebel","8":"first","9":"instock","10":"shipping-taxable","11":"purchasable","12":"product-type-simple"},"_links":{"self":[{"href":"https:\/\/vadizon.de\/index.php\/wp-json\/wp\/v2\/product\/4209","targetHints":{"allow":["GET"]}}],"collection":[{"href":"https:\/\/vadizon.de\/index.php\/wp-json\/wp\/v2\/product"}],"about":[{"href":"https:\/\/vadizon.de\/index.php\/wp-json\/wp\/v2\/types\/product"}],"replies":[{"embeddable":true,"href":"https:\/\/vadizon.de\/index.php\/wp-json\/wp\/v2\/comments?post=4209"}],"version-history":[{"count":2,"href":"https:\/\/vadizon.de\/index.php\/wp-json\/wp\/v2\/product\/4209\/revisions"}],"predecessor-version":[{"id":4734,"href":"https:\/\/vadizon.de\/index.php\/wp-json\/wp\/v2\/product\/4209\/revisions\/4734"}],"wp:featuredmedia":[{"embeddable":true,"href":"https:\/\/vadizon.de\/index.php\/wp-json\/wp\/v2\/media\/4284"}],"wp:attachment":[{"href":"https:\/\/vadizon.de\/index.php\/wp-json\/wp\/v2\/media?parent=4209"}],"wp:term":[{"taxonomy":"product_brand","embeddable":true,"href":"https:\/\/vadizon.de\/index.php\/wp-json\/wp\/v2\/product_brand?post=4209"},{"taxonomy":"product_cat","embeddable":true,"href":"https:\/\/vadizon.de\/index.php\/wp-json\/wp\/v2\/product_cat?post=4209"},{"taxonomy":"product_tag","embeddable":true,"href":"https:\/\/vadizon.de\/index.php\/wp-json\/wp\/v2\/product_tag?post=4209"}],"curies":[{"name":"wp","href":"https:\/\/api.w.org\/{rel}","templated":true}]}}