{"id":4160,"date":"2023-10-09T17:17:38","date_gmt":"2023-10-09T14:17:38","guid":{"rendered":"https:\/\/www.vadizon.de\/?post_type=product&#038;p=4160"},"modified":"2023-10-12T14:50:37","modified_gmt":"2023-10-12T11:50:37","slug":"iris-marbella-lidya-holzgarderobe-mit-dekorativem-druck-und-2-tueren-9","status":"publish","type":"product","link":"https:\/\/vadizon.de\/index.php\/produkt\/iris-marbella-lidya-holzgarderobe-mit-dekorativem-druck-und-2-tueren-9\/","title":{"rendered":"Ir\u0131s Marbella Lidya Holzgarderobe mit dekorativem Druck und 2 T\u00fcren"},"content":{"rendered":"<p>Material: 1. QUALIT\u00c4TS SPERRHOLZ<br \/>\nBUCHENHOLZBEINE <br \/> PRODUKTMA\u00dfE: 90 X 52 X 192 CM<br \/>GEWICHT: 69 KG.<\/p>\n","protected":false},"excerpt":{"rendered":"<p>Material: 1. QUALIT\u00c4TS SPERRHOLZ BUCHENHOLZBEINE PRODUKTMA\u00dfE: 90 X 52 X 192 CMGEWICHT: 69 KG.<\/p>\n","protected":false},"featured_media":4224,"comment_status":"open","ping_status":"closed","template":"","meta":[],"product_brand":[],"product_cat":[33],"product_tag":[],"class_list":{"0":"post-4160","1":"product","2":"type-product","3":"status-publish","4":"has-post-thumbnail","6":"product_cat-moebel","8":"first","9":"instock","10":"shipping-taxable","11":"purchasable","12":"product-type-simple"},"_links":{"self":[{"href":"https:\/\/vadizon.de\/index.php\/wp-json\/wp\/v2\/product\/4160","targetHints":{"allow":["GET"]}}],"collection":[{"href":"https:\/\/vadizon.de\/index.php\/wp-json\/wp\/v2\/product"}],"about":[{"href":"https:\/\/vadizon.de\/index.php\/wp-json\/wp\/v2\/types\/product"}],"replies":[{"embeddable":true,"href":"https:\/\/vadizon.de\/index.php\/wp-json\/wp\/v2\/comments?post=4160"}],"version-history":[{"count":2,"href":"https:\/\/vadizon.de\/index.php\/wp-json\/wp\/v2\/product\/4160\/revisions"}],"predecessor-version":[{"id":4727,"href":"https:\/\/vadizon.de\/index.php\/wp-json\/wp\/v2\/product\/4160\/revisions\/4727"}],"wp:featuredmedia":[{"embeddable":true,"href":"https:\/\/vadizon.de\/index.php\/wp-json\/wp\/v2\/media\/4224"}],"wp:attachment":[{"href":"https:\/\/vadizon.de\/index.php\/wp-json\/wp\/v2\/media?parent=4160"}],"wp:term":[{"taxonomy":"product_brand","embeddable":true,"href":"https:\/\/vadizon.de\/index.php\/wp-json\/wp\/v2\/product_brand?post=4160"},{"taxonomy":"product_cat","embeddable":true,"href":"https:\/\/vadizon.de\/index.php\/wp-json\/wp\/v2\/product_cat?post=4160"},{"taxonomy":"product_tag","embeddable":true,"href":"https:\/\/vadizon.de\/index.php\/wp-json\/wp\/v2\/product_tag?post=4160"}],"curies":[{"name":"wp","href":"https:\/\/api.w.org\/{rel}","templated":true}]}}