{"id":3966,"date":"2023-10-09T16:52:27","date_gmt":"2023-10-09T13:52:27","guid":{"rendered":"https:\/\/www.vadizon.de\/?post_type=product&#038;p=3966"},"modified":"2023-10-12T14:50:34","modified_gmt":"2023-10-12T11:50:34","slug":"iris-jinia-lena-holzgarderobe-mit-dekorativem-druck-und-3-tueren","status":"publish","type":"product","link":"https:\/\/vadizon.de\/index.php\/produkt\/iris-jinia-lena-holzgarderobe-mit-dekorativem-druck-und-3-tueren\/","title":{"rendered":"Ir\u0131s Jinia Lena Holzgarderobe mit dekorativem Druck und 3 T\u00fcren"},"content":{"rendered":"<p>Material: 1. QUALIT\u00c4T SPERRHOLZ<br \/>\nBUCHENHOLZBEINE <br \/> PRODUKTMA\u00dfE: 192 X 135 X 52 CM<br \/>GEWICHT: 109 KG.<\/p>\n","protected":false},"excerpt":{"rendered":"<p>Material: 1. QUALIT\u00c4T SPERRHOLZ BUCHENHOLZBEINE PRODUKTMA\u00dfE: 192 X 135 X 52 CMGEWICHT: 109 KG.<\/p>\n","protected":false},"featured_media":0,"comment_status":"open","ping_status":"closed","template":"","meta":[],"product_brand":[],"product_cat":[33],"product_tag":[],"class_list":{"0":"post-3966","1":"product","2":"type-product","3":"status-publish","5":"product_cat-moebel","7":"first","8":"outofstock","9":"shipping-taxable","10":"purchasable","11":"product-type-simple"},"_links":{"self":[{"href":"https:\/\/vadizon.de\/index.php\/wp-json\/wp\/v2\/product\/3966","targetHints":{"allow":["GET"]}}],"collection":[{"href":"https:\/\/vadizon.de\/index.php\/wp-json\/wp\/v2\/product"}],"about":[{"href":"https:\/\/vadizon.de\/index.php\/wp-json\/wp\/v2\/types\/product"}],"replies":[{"embeddable":true,"href":"https:\/\/vadizon.de\/index.php\/wp-json\/wp\/v2\/comments?post=3966"}],"version-history":[{"count":2,"href":"https:\/\/vadizon.de\/index.php\/wp-json\/wp\/v2\/product\/3966\/revisions"}],"predecessor-version":[{"id":4701,"href":"https:\/\/vadizon.de\/index.php\/wp-json\/wp\/v2\/product\/3966\/revisions\/4701"}],"wp:attachment":[{"href":"https:\/\/vadizon.de\/index.php\/wp-json\/wp\/v2\/media?parent=3966"}],"wp:term":[{"taxonomy":"product_brand","embeddable":true,"href":"https:\/\/vadizon.de\/index.php\/wp-json\/wp\/v2\/product_brand?post=3966"},{"taxonomy":"product_cat","embeddable":true,"href":"https:\/\/vadizon.de\/index.php\/wp-json\/wp\/v2\/product_cat?post=3966"},{"taxonomy":"product_tag","embeddable":true,"href":"https:\/\/vadizon.de\/index.php\/wp-json\/wp\/v2\/product_tag?post=3966"}],"curies":[{"name":"wp","href":"https:\/\/api.w.org\/{rel}","templated":true}]}}