{"id":3846,"date":"2023-10-09T16:34:58","date_gmt":"2023-10-09T13:34:58","guid":{"rendered":"https:\/\/www.vadizon.de\/?post_type=product&#038;p=3846"},"modified":"2023-10-12T14:50:32","modified_gmt":"2023-10-12T11:50:32","slug":"odyssey-meliora-metallbeiniger-dekorativer-buecherregal-mit-6-faechern","status":"publish","type":"product","link":"https:\/\/vadizon.de\/index.php\/produkt\/odyssey-meliora-metallbeiniger-dekorativer-buecherregal-mit-6-faechern\/","title":{"rendered":"Odyssey Meliora Metallbeiniger Dekorativer B\u00fccherregal mit 6 F\u00e4chern"},"content":{"rendered":"<p>Material: SPERRHOLZ 1. QUALIT\u00c4T,<\/p>\n<p>PROFIL IN SCHWARZ ELEKTROSTATISCH LACKIERT, 20*20 MM.<\/p>\n<p>PRODUKTMA\u00dfE: 89 X 25 X 127 CM<\/p>\n<p>GEWICHT: 54 KG.<\/p>\n","protected":false},"excerpt":{"rendered":"<p>Material: SPERRHOLZ 1. QUALIT\u00c4T, PROFIL IN SCHWARZ ELEKTROSTATISCH LACKIERT, 20*20 MM. PRODUKTMA\u00dfE: 89 X 25 X 127 CM GEWICHT: 54<\/p>\n","protected":false},"featured_media":4062,"comment_status":"open","ping_status":"closed","template":"","meta":[],"product_brand":[],"product_cat":[33],"product_tag":[],"class_list":{"0":"post-3846","1":"product","2":"type-product","3":"status-publish","4":"has-post-thumbnail","6":"product_cat-moebel","8":"first","9":"instock","10":"shipping-taxable","11":"purchasable","12":"product-type-simple"},"_links":{"self":[{"href":"https:\/\/vadizon.de\/index.php\/wp-json\/wp\/v2\/product\/3846","targetHints":{"allow":["GET"]}}],"collection":[{"href":"https:\/\/vadizon.de\/index.php\/wp-json\/wp\/v2\/product"}],"about":[{"href":"https:\/\/vadizon.de\/index.php\/wp-json\/wp\/v2\/types\/product"}],"replies":[{"embeddable":true,"href":"https:\/\/vadizon.de\/index.php\/wp-json\/wp\/v2\/comments?post=3846"}],"version-history":[{"count":2,"href":"https:\/\/vadizon.de\/index.php\/wp-json\/wp\/v2\/product\/3846\/revisions"}],"predecessor-version":[{"id":4689,"href":"https:\/\/vadizon.de\/index.php\/wp-json\/wp\/v2\/product\/3846\/revisions\/4689"}],"wp:featuredmedia":[{"embeddable":true,"href":"https:\/\/vadizon.de\/index.php\/wp-json\/wp\/v2\/media\/4062"}],"wp:attachment":[{"href":"https:\/\/vadizon.de\/index.php\/wp-json\/wp\/v2\/media?parent=3846"}],"wp:term":[{"taxonomy":"product_brand","embeddable":true,"href":"https:\/\/vadizon.de\/index.php\/wp-json\/wp\/v2\/product_brand?post=3846"},{"taxonomy":"product_cat","embeddable":true,"href":"https:\/\/vadizon.de\/index.php\/wp-json\/wp\/v2\/product_cat?post=3846"},{"taxonomy":"product_tag","embeddable":true,"href":"https:\/\/vadizon.de\/index.php\/wp-json\/wp\/v2\/product_tag?post=3846"}],"curies":[{"name":"wp","href":"https:\/\/api.w.org\/{rel}","templated":true}]}}