{"id":3608,"date":"2023-10-09T16:03:27","date_gmt":"2023-10-09T13:03:27","guid":{"rendered":"https:\/\/www.vadizon.de\/?post_type=product&#038;p=3608"},"modified":"2023-10-12T14:50:28","modified_gmt":"2023-10-12T11:50:28","slug":"iris-neptun-tv-einheit-aus-holz-mit-geometrischem-rotem-dreiecksdesign","status":"publish","type":"product","link":"https:\/\/vadizon.de\/index.php\/produkt\/iris-neptun-tv-einheit-aus-holz-mit-geometrischem-rotem-dreiecksdesign\/","title":{"rendered":"Ir\u0131s Neptun TV-Einheit aus Holz mit geometrischem rotem Dreiecksdesign"},"content":{"rendered":"<p>Material: SPERRHOLZ 1. QUALIT\u00c4T,<\/p>\n<p>G\u00dcRGEN HOLZBEINE<\/p>\n<p>PRODUKTMA\u00dfE: 140 X 40 X 50 CM<\/p>\n<p>GEWICHT: 29 KG.<\/p>\n","protected":false},"excerpt":{"rendered":"<p>Material: SPERRHOLZ 1. QUALIT\u00c4T, G\u00dcRGEN HOLZBEINE PRODUKTMA\u00dfE: 140 X 40 X 50 CM GEWICHT: 29 KG.<\/p>\n","protected":false},"featured_media":3837,"comment_status":"open","ping_status":"closed","template":"","meta":[],"product_brand":[],"product_cat":[33],"product_tag":[],"class_list":{"0":"post-3608","1":"product","2":"type-product","3":"status-publish","4":"has-post-thumbnail","6":"product_cat-moebel","8":"first","9":"instock","10":"shipping-taxable","11":"purchasable","12":"product-type-simple"},"_links":{"self":[{"href":"https:\/\/vadizon.de\/index.php\/wp-json\/wp\/v2\/product\/3608","targetHints":{"allow":["GET"]}}],"collection":[{"href":"https:\/\/vadizon.de\/index.php\/wp-json\/wp\/v2\/product"}],"about":[{"href":"https:\/\/vadizon.de\/index.php\/wp-json\/wp\/v2\/types\/product"}],"replies":[{"embeddable":true,"href":"https:\/\/vadizon.de\/index.php\/wp-json\/wp\/v2\/comments?post=3608"}],"version-history":[{"count":2,"href":"https:\/\/vadizon.de\/index.php\/wp-json\/wp\/v2\/product\/3608\/revisions"}],"predecessor-version":[{"id":4664,"href":"https:\/\/vadizon.de\/index.php\/wp-json\/wp\/v2\/product\/3608\/revisions\/4664"}],"wp:featuredmedia":[{"embeddable":true,"href":"https:\/\/vadizon.de\/index.php\/wp-json\/wp\/v2\/media\/3837"}],"wp:attachment":[{"href":"https:\/\/vadizon.de\/index.php\/wp-json\/wp\/v2\/media?parent=3608"}],"wp:term":[{"taxonomy":"product_brand","embeddable":true,"href":"https:\/\/vadizon.de\/index.php\/wp-json\/wp\/v2\/product_brand?post=3608"},{"taxonomy":"product_cat","embeddable":true,"href":"https:\/\/vadizon.de\/index.php\/wp-json\/wp\/v2\/product_cat?post=3608"},{"taxonomy":"product_tag","embeddable":true,"href":"https:\/\/vadizon.de\/index.php\/wp-json\/wp\/v2\/product_tag?post=3608"}],"curies":[{"name":"wp","href":"https:\/\/api.w.org\/{rel}","templated":true}]}}