{"id":3510,"date":"2023-10-09T15:51:01","date_gmt":"2023-10-09T12:51:01","guid":{"rendered":"https:\/\/www.vadizon.de\/?post_type=product&#038;p=3510"},"modified":"2023-10-12T14:50:26","modified_gmt":"2023-10-12T11:50:26","slug":"iris-troy-roetlich-verlaufender-holzkommode-mit-drei-schubladen","status":"publish","type":"product","link":"https:\/\/vadizon.de\/index.php\/produkt\/iris-troy-roetlich-verlaufender-holzkommode-mit-drei-schubladen\/","title":{"rendered":"Ir\u0131s Troy R\u00f6tlich verlaufender Holzkommode mit drei Schubladen"},"content":{"rendered":"<p>Material: SPERRHOLZ 1. QUALIT\u00c4T<\/p>\n<p>G\u00dcRGENHOLZBEINE<\/p>\n<p>PRODUKTMA\u00dfE: 80 X 40 X 89 CM<\/p>\n<p>GEWICHT: 38 KG.<\/p>\n","protected":false},"excerpt":{"rendered":"<p>Material: SPERRHOLZ 1. QUALIT\u00c4T G\u00dcRGENHOLZBEINE PRODUKTMA\u00dfE: 80 X 40 X 89 CM GEWICHT: 38 KG.<\/p>\n","protected":false},"featured_media":3718,"comment_status":"open","ping_status":"closed","template":"","meta":[],"product_brand":[],"product_cat":[33],"product_tag":[],"class_list":{"0":"post-3510","1":"product","2":"type-product","3":"status-publish","4":"has-post-thumbnail","6":"product_cat-moebel","8":"first","9":"instock","10":"shipping-taxable","11":"purchasable","12":"product-type-simple"},"_links":{"self":[{"href":"https:\/\/vadizon.de\/index.php\/wp-json\/wp\/v2\/product\/3510","targetHints":{"allow":["GET"]}}],"collection":[{"href":"https:\/\/vadizon.de\/index.php\/wp-json\/wp\/v2\/product"}],"about":[{"href":"https:\/\/vadizon.de\/index.php\/wp-json\/wp\/v2\/types\/product"}],"replies":[{"embeddable":true,"href":"https:\/\/vadizon.de\/index.php\/wp-json\/wp\/v2\/comments?post=3510"}],"version-history":[{"count":2,"href":"https:\/\/vadizon.de\/index.php\/wp-json\/wp\/v2\/product\/3510\/revisions"}],"predecessor-version":[{"id":4651,"href":"https:\/\/vadizon.de\/index.php\/wp-json\/wp\/v2\/product\/3510\/revisions\/4651"}],"wp:featuredmedia":[{"embeddable":true,"href":"https:\/\/vadizon.de\/index.php\/wp-json\/wp\/v2\/media\/3718"}],"wp:attachment":[{"href":"https:\/\/vadizon.de\/index.php\/wp-json\/wp\/v2\/media?parent=3510"}],"wp:term":[{"taxonomy":"product_brand","embeddable":true,"href":"https:\/\/vadizon.de\/index.php\/wp-json\/wp\/v2\/product_brand?post=3510"},{"taxonomy":"product_cat","embeddable":true,"href":"https:\/\/vadizon.de\/index.php\/wp-json\/wp\/v2\/product_cat?post=3510"},{"taxonomy":"product_tag","embeddable":true,"href":"https:\/\/vadizon.de\/index.php\/wp-json\/wp\/v2\/product_tag?post=3510"}],"curies":[{"name":"wp","href":"https:\/\/api.w.org\/{rel}","templated":true}]}}