{"id":3438,"date":"2023-10-09T15:41:42","date_gmt":"2023-10-09T12:41:42","guid":{"rendered":"https:\/\/www.vadizon.de\/?post_type=product&#038;p=3438"},"modified":"2023-10-12T14:50:24","modified_gmt":"2023-10-12T11:50:24","slug":"iris-lobelia-vegas-holz-dekoratives-sonnenthema-geometrisch-gemustertes-bedrucktes-schwarzfuss-weisser-schuhstaender","status":"publish","type":"product","link":"https:\/\/vadizon.de\/index.php\/produkt\/iris-lobelia-vegas-holz-dekoratives-sonnenthema-geometrisch-gemustertes-bedrucktes-schwarzfuss-weisser-schuhstaender\/","title":{"rendered":"Ir\u0131s Lobelia Vegas Holz Dekoratives Sonnenthema Geometrisch Gemustertes Bedrucktes Schwarzfu\u00df Wei\u00dfer Schuhst\u00e4nder"},"content":{"rendered":"<p>Material: SPERRHOLZ 1. QUALIT\u00c4T<\/p>\n<p>G\u00dcRGEN HOLZBEINE<\/p>\n<p>PRODUKTMA\u00dfE: 50 X 36 X 135 CM<\/p>\n<p>GEWICHT: 33 KG.<\/p>\n","protected":false},"excerpt":{"rendered":"<p>Material: SPERRHOLZ 1. QUALIT\u00c4T G\u00dcRGEN HOLZBEINE PRODUKTMA\u00dfE: 50 X 36 X 135 CM GEWICHT: 33 KG.<\/p>\n","protected":false},"featured_media":3655,"comment_status":"open","ping_status":"closed","template":"","meta":[],"product_brand":[],"product_cat":[33],"product_tag":[],"class_list":{"0":"post-3438","1":"product","2":"type-product","3":"status-publish","4":"has-post-thumbnail","6":"product_cat-moebel","8":"first","9":"instock","10":"shipping-taxable","11":"purchasable","12":"product-type-simple"},"_links":{"self":[{"href":"https:\/\/vadizon.de\/index.php\/wp-json\/wp\/v2\/product\/3438","targetHints":{"allow":["GET"]}}],"collection":[{"href":"https:\/\/vadizon.de\/index.php\/wp-json\/wp\/v2\/product"}],"about":[{"href":"https:\/\/vadizon.de\/index.php\/wp-json\/wp\/v2\/types\/product"}],"replies":[{"embeddable":true,"href":"https:\/\/vadizon.de\/index.php\/wp-json\/wp\/v2\/comments?post=3438"}],"version-history":[{"count":2,"href":"https:\/\/vadizon.de\/index.php\/wp-json\/wp\/v2\/product\/3438\/revisions"}],"predecessor-version":[{"id":4642,"href":"https:\/\/vadizon.de\/index.php\/wp-json\/wp\/v2\/product\/3438\/revisions\/4642"}],"wp:featuredmedia":[{"embeddable":true,"href":"https:\/\/vadizon.de\/index.php\/wp-json\/wp\/v2\/media\/3655"}],"wp:attachment":[{"href":"https:\/\/vadizon.de\/index.php\/wp-json\/wp\/v2\/media?parent=3438"}],"wp:term":[{"taxonomy":"product_brand","embeddable":true,"href":"https:\/\/vadizon.de\/index.php\/wp-json\/wp\/v2\/product_brand?post=3438"},{"taxonomy":"product_cat","embeddable":true,"href":"https:\/\/vadizon.de\/index.php\/wp-json\/wp\/v2\/product_cat?post=3438"},{"taxonomy":"product_tag","embeddable":true,"href":"https:\/\/vadizon.de\/index.php\/wp-json\/wp\/v2\/product_tag?post=3438"}],"curies":[{"name":"wp","href":"https:\/\/api.w.org\/{rel}","templated":true}]}}