{"id":3154,"date":"2023-10-09T15:03:56","date_gmt":"2023-10-09T12:03:56","guid":{"rendered":"https:\/\/www.vadizon.de\/?post_type=product&#038;p=3154"},"modified":"2023-10-12T14:50:18","modified_gmt":"2023-10-12T11:50:18","slug":"iris-betula-vegas-holz-dekorativer-bedruckter-weisser-schuhstaender","status":"publish","type":"product","link":"https:\/\/vadizon.de\/index.php\/produkt\/iris-betula-vegas-holz-dekorativer-bedruckter-weisser-schuhstaender\/","title":{"rendered":"Ir\u0131s Betula Vegas Holz Dekorativer bedruckter wei\u00dfer Schuhst\u00e4nder"},"content":{"rendered":"<p>Material: SPERRHOLZ 1. QUALIT\u00c4T<\/p>\n<p>G\u00dcRGEN HOLZBEINE<\/p>\n<p>PRODUKTMA\u00dfE: 50 X 36 X 135 CM<\/p>\n<p>GEWICHT: 33 KG.<\/p>\n","protected":false},"excerpt":{"rendered":"<p>Material: SPERRHOLZ 1. QUALIT\u00c4T G\u00dcRGEN HOLZBEINE PRODUKTMA\u00dfE: 50 X 36 X 135 CM GEWICHT: 33 KG.<\/p>\n","protected":false},"featured_media":0,"comment_status":"open","ping_status":"closed","template":"","meta":[],"product_brand":[],"product_cat":[33],"product_tag":[],"class_list":{"0":"post-3154","1":"product","2":"type-product","3":"status-publish","5":"product_cat-moebel","7":"first","8":"outofstock","9":"shipping-taxable","10":"purchasable","11":"product-type-simple"},"_links":{"self":[{"href":"https:\/\/vadizon.de\/index.php\/wp-json\/wp\/v2\/product\/3154","targetHints":{"allow":["GET"]}}],"collection":[{"href":"https:\/\/vadizon.de\/index.php\/wp-json\/wp\/v2\/product"}],"about":[{"href":"https:\/\/vadizon.de\/index.php\/wp-json\/wp\/v2\/types\/product"}],"replies":[{"embeddable":true,"href":"https:\/\/vadizon.de\/index.php\/wp-json\/wp\/v2\/comments?post=3154"}],"version-history":[{"count":2,"href":"https:\/\/vadizon.de\/index.php\/wp-json\/wp\/v2\/product\/3154\/revisions"}],"predecessor-version":[{"id":4605,"href":"https:\/\/vadizon.de\/index.php\/wp-json\/wp\/v2\/product\/3154\/revisions\/4605"}],"wp:attachment":[{"href":"https:\/\/vadizon.de\/index.php\/wp-json\/wp\/v2\/media?parent=3154"}],"wp:term":[{"taxonomy":"product_brand","embeddable":true,"href":"https:\/\/vadizon.de\/index.php\/wp-json\/wp\/v2\/product_brand?post=3154"},{"taxonomy":"product_cat","embeddable":true,"href":"https:\/\/vadizon.de\/index.php\/wp-json\/wp\/v2\/product_cat?post=3154"},{"taxonomy":"product_tag","embeddable":true,"href":"https:\/\/vadizon.de\/index.php\/wp-json\/wp\/v2\/product_tag?post=3154"}],"curies":[{"name":"wp","href":"https:\/\/api.w.org\/{rel}","templated":true}]}}