{"id":3136,"date":"2023-10-09T15:01:38","date_gmt":"2023-10-09T12:01:38","guid":{"rendered":"https:\/\/www.vadizon.de\/?post_type=product&#038;p=3136"},"modified":"2023-10-12T14:50:17","modified_gmt":"2023-10-12T11:50:17","slug":"iris-myrica-vegas-gaensebluemchen-und-baum-muster-fruehlings-themen-dekorativer-bedruckter-holz-schuhstaender","status":"publish","type":"product","link":"https:\/\/vadizon.de\/index.php\/produkt\/iris-myrica-vegas-gaensebluemchen-und-baum-muster-fruehlings-themen-dekorativer-bedruckter-holz-schuhstaender\/","title":{"rendered":"Ir\u0131s Myrica Vegas G\u00e4nsebl\u00fcmchen- und Baum-Muster Fr\u00fchlings-Themen Dekorativer bedruckter Holz-Schuhst\u00e4nder"},"content":{"rendered":"<p>Material: SPERRHOLZ 1. QUALIT\u00c4T<\/p>\n<p>G\u00dcRGEN HOLZBEINE<\/p>\n<p>PRODUKTMA\u00dfE: 50 X 36 X 135 CM<\/p>\n<p>GEWICHT: 33 KG.<\/p>\n","protected":false},"excerpt":{"rendered":"<p>Material: SPERRHOLZ 1. QUALIT\u00c4T G\u00dcRGEN HOLZBEINE PRODUKTMA\u00dfE: 50 X 36 X 135 CM GEWICHT: 33 KG.<\/p>\n","protected":false},"featured_media":3349,"comment_status":"open","ping_status":"closed","template":"","meta":[],"product_brand":[],"product_cat":[33],"product_tag":[],"class_list":{"0":"post-3136","1":"product","2":"type-product","3":"status-publish","4":"has-post-thumbnail","6":"product_cat-moebel","8":"first","9":"instock","10":"shipping-taxable","11":"purchasable","12":"product-type-simple"},"_links":{"self":[{"href":"https:\/\/vadizon.de\/index.php\/wp-json\/wp\/v2\/product\/3136","targetHints":{"allow":["GET"]}}],"collection":[{"href":"https:\/\/vadizon.de\/index.php\/wp-json\/wp\/v2\/product"}],"about":[{"href":"https:\/\/vadizon.de\/index.php\/wp-json\/wp\/v2\/types\/product"}],"replies":[{"embeddable":true,"href":"https:\/\/vadizon.de\/index.php\/wp-json\/wp\/v2\/comments?post=3136"}],"version-history":[{"count":2,"href":"https:\/\/vadizon.de\/index.php\/wp-json\/wp\/v2\/product\/3136\/revisions"}],"predecessor-version":[{"id":4602,"href":"https:\/\/vadizon.de\/index.php\/wp-json\/wp\/v2\/product\/3136\/revisions\/4602"}],"wp:featuredmedia":[{"embeddable":true,"href":"https:\/\/vadizon.de\/index.php\/wp-json\/wp\/v2\/media\/3349"}],"wp:attachment":[{"href":"https:\/\/vadizon.de\/index.php\/wp-json\/wp\/v2\/media?parent=3136"}],"wp:term":[{"taxonomy":"product_brand","embeddable":true,"href":"https:\/\/vadizon.de\/index.php\/wp-json\/wp\/v2\/product_brand?post=3136"},{"taxonomy":"product_cat","embeddable":true,"href":"https:\/\/vadizon.de\/index.php\/wp-json\/wp\/v2\/product_cat?post=3136"},{"taxonomy":"product_tag","embeddable":true,"href":"https:\/\/vadizon.de\/index.php\/wp-json\/wp\/v2\/product_tag?post=3136"}],"curies":[{"name":"wp","href":"https:\/\/api.w.org\/{rel}","templated":true}]}}