{"id":3076,"date":"2023-10-09T14:53:56","date_gmt":"2023-10-09T11:53:56","guid":{"rendered":"https:\/\/www.vadizon.de\/?post_type=product&#038;p=3076"},"modified":"2023-10-12T14:50:15","modified_gmt":"2023-10-12T11:50:15","slug":"iris-myrica-vegas-dekorativer-holz-schuhstaender-mit-gruenem-musterdruck","status":"publish","type":"product","link":"https:\/\/vadizon.de\/index.php\/produkt\/iris-myrica-vegas-dekorativer-holz-schuhstaender-mit-gruenem-musterdruck\/","title":{"rendered":"Ir\u0131s Myrica Vegas Dekorativer Holz-Schuhst\u00e4nder mit gr\u00fcnem Musterdruck"},"content":{"rendered":"<p>Material: SPERRHOLZ 1. QUALIT\u00c4T<\/p>\n<p>G\u00dcRGEN HOLZBEINE<\/p>\n<p>PRODUKTMA\u00dfE: 50 X 36 X 135 CM<\/p>\n<p>GEWICHT: 33 KG.<\/p>\n","protected":false},"excerpt":{"rendered":"<p>Material: SPERRHOLZ 1. QUALIT\u00c4T G\u00dcRGEN HOLZBEINE PRODUKTMA\u00dfE: 50 X 36 X 135 CM GEWICHT: 33 KG.<\/p>\n","protected":false},"featured_media":3269,"comment_status":"open","ping_status":"closed","template":"","meta":[],"product_brand":[],"product_cat":[33],"product_tag":[],"class_list":{"0":"post-3076","1":"product","2":"type-product","3":"status-publish","4":"has-post-thumbnail","6":"product_cat-moebel","8":"first","9":"instock","10":"shipping-taxable","11":"purchasable","12":"product-type-simple"},"_links":{"self":[{"href":"https:\/\/vadizon.de\/index.php\/wp-json\/wp\/v2\/product\/3076","targetHints":{"allow":["GET"]}}],"collection":[{"href":"https:\/\/vadizon.de\/index.php\/wp-json\/wp\/v2\/product"}],"about":[{"href":"https:\/\/vadizon.de\/index.php\/wp-json\/wp\/v2\/types\/product"}],"replies":[{"embeddable":true,"href":"https:\/\/vadizon.de\/index.php\/wp-json\/wp\/v2\/comments?post=3076"}],"version-history":[{"count":2,"href":"https:\/\/vadizon.de\/index.php\/wp-json\/wp\/v2\/product\/3076\/revisions"}],"predecessor-version":[{"id":4592,"href":"https:\/\/vadizon.de\/index.php\/wp-json\/wp\/v2\/product\/3076\/revisions\/4592"}],"wp:featuredmedia":[{"embeddable":true,"href":"https:\/\/vadizon.de\/index.php\/wp-json\/wp\/v2\/media\/3269"}],"wp:attachment":[{"href":"https:\/\/vadizon.de\/index.php\/wp-json\/wp\/v2\/media?parent=3076"}],"wp:term":[{"taxonomy":"product_brand","embeddable":true,"href":"https:\/\/vadizon.de\/index.php\/wp-json\/wp\/v2\/product_brand?post=3076"},{"taxonomy":"product_cat","embeddable":true,"href":"https:\/\/vadizon.de\/index.php\/wp-json\/wp\/v2\/product_cat?post=3076"},{"taxonomy":"product_tag","embeddable":true,"href":"https:\/\/vadizon.de\/index.php\/wp-json\/wp\/v2\/product_tag?post=3076"}],"curies":[{"name":"wp","href":"https:\/\/api.w.org\/{rel}","templated":true}]}}