{"id":2985,"date":"2023-10-09T14:40:54","date_gmt":"2023-10-09T11:40:54","guid":{"rendered":"https:\/\/www.vadizon.de\/?post_type=product&#038;p=2985"},"modified":"2023-10-12T14:50:13","modified_gmt":"2023-10-12T11:50:13","slug":"iris-arctic-holz-garderobe-mit-spiegel-weissem-deckel-kleiderstaender-und-schuhschrank","status":"publish","type":"product","link":"https:\/\/vadizon.de\/index.php\/produkt\/iris-arctic-holz-garderobe-mit-spiegel-weissem-deckel-kleiderstaender-und-schuhschrank\/","title":{"rendered":"Ir\u0131s Arctic Holz-Garderobe mit Spiegel, wei\u00dfem Deckel, Kleiderst\u00e4nder und Schuhschrank"},"content":{"rendered":"<p>Material: SPERRHOLZ 1. QUALIT\u00c4T<\/p>\n<p>PLASTIKBEINE<\/p>\n<p>PRODUKTMA\u00dfE: 125 X 36 X 195 CM<\/p>\n<p>GEWICHT: 91 KG.<\/p>\n","protected":false},"excerpt":{"rendered":"<p>Material: SPERRHOLZ 1. QUALIT\u00c4T PLASTIKBEINE PRODUKTMA\u00dfE: 125 X 36 X 195 CM GEWICHT: 91 KG.<\/p>\n","protected":false},"featured_media":3191,"comment_status":"open","ping_status":"closed","template":"","meta":[],"product_brand":[],"product_cat":[33],"product_tag":[],"class_list":{"0":"post-2985","1":"product","2":"type-product","3":"status-publish","4":"has-post-thumbnail","6":"product_cat-moebel","8":"first","9":"outofstock","10":"shipping-taxable","11":"purchasable","12":"product-type-simple"},"_links":{"self":[{"href":"https:\/\/vadizon.de\/index.php\/wp-json\/wp\/v2\/product\/2985","targetHints":{"allow":["GET"]}}],"collection":[{"href":"https:\/\/vadizon.de\/index.php\/wp-json\/wp\/v2\/product"}],"about":[{"href":"https:\/\/vadizon.de\/index.php\/wp-json\/wp\/v2\/types\/product"}],"replies":[{"embeddable":true,"href":"https:\/\/vadizon.de\/index.php\/wp-json\/wp\/v2\/comments?post=2985"}],"version-history":[{"count":2,"href":"https:\/\/vadizon.de\/index.php\/wp-json\/wp\/v2\/product\/2985\/revisions"}],"predecessor-version":[{"id":4583,"href":"https:\/\/vadizon.de\/index.php\/wp-json\/wp\/v2\/product\/2985\/revisions\/4583"}],"wp:featuredmedia":[{"embeddable":true,"href":"https:\/\/vadizon.de\/index.php\/wp-json\/wp\/v2\/media\/3191"}],"wp:attachment":[{"href":"https:\/\/vadizon.de\/index.php\/wp-json\/wp\/v2\/media?parent=2985"}],"wp:term":[{"taxonomy":"product_brand","embeddable":true,"href":"https:\/\/vadizon.de\/index.php\/wp-json\/wp\/v2\/product_brand?post=2985"},{"taxonomy":"product_cat","embeddable":true,"href":"https:\/\/vadizon.de\/index.php\/wp-json\/wp\/v2\/product_cat?post=2985"},{"taxonomy":"product_tag","embeddable":true,"href":"https:\/\/vadizon.de\/index.php\/wp-json\/wp\/v2\/product_tag?post=2985"}],"curies":[{"name":"wp","href":"https:\/\/api.w.org\/{rel}","templated":true}]}}