{"id":2753,"date":"2023-10-09T13:50:21","date_gmt":"2023-10-09T10:50:21","guid":{"rendered":"https:\/\/www.vadizon.de\/?post_type=product&#038;p=2753"},"modified":"2023-10-12T14:50:10","modified_gmt":"2023-10-12T11:50:10","slug":"iris-helen-brauner-holzschubladen-multifunktionsschrank-mit-degradierendem-farbverlauf","status":"publish","type":"product","link":"https:\/\/vadizon.de\/index.php\/produkt\/iris-helen-brauner-holzschubladen-multifunktionsschrank-mit-degradierendem-farbverlauf\/","title":{"rendered":"Ir\u0131s Helen Brauner Holzschubladen-Multifunktionsschrank mit degradierendem Farbverlauf"},"content":{"rendered":"<p>Material: SPERRHOLZ 1. QUALIT\u00c4T<\/p>\n<p>G\u00dcRGEN HOLZBEINE<\/p>\n<p>PRODUKTMA\u00dfE: 90 X 40 X 90 CM<\/p>\n<p>GEWICHT: 37 KG.<\/p>\n","protected":false},"excerpt":{"rendered":"<p>Material: SPERRHOLZ 1. QUALIT\u00c4T G\u00dcRGEN HOLZBEINE PRODUKTMA\u00dfE: 90 X 40 X 90 CM GEWICHT: 37 KG.<\/p>\n","protected":false},"featured_media":2996,"comment_status":"open","ping_status":"closed","template":"","meta":[],"product_brand":[],"product_cat":[33],"product_tag":[],"class_list":{"0":"post-2753","1":"product","2":"type-product","3":"status-publish","4":"has-post-thumbnail","6":"product_cat-moebel","8":"first","9":"instock","10":"shipping-taxable","11":"purchasable","12":"product-type-simple"},"_links":{"self":[{"href":"https:\/\/vadizon.de\/index.php\/wp-json\/wp\/v2\/product\/2753","targetHints":{"allow":["GET"]}}],"collection":[{"href":"https:\/\/vadizon.de\/index.php\/wp-json\/wp\/v2\/product"}],"about":[{"href":"https:\/\/vadizon.de\/index.php\/wp-json\/wp\/v2\/types\/product"}],"replies":[{"embeddable":true,"href":"https:\/\/vadizon.de\/index.php\/wp-json\/wp\/v2\/comments?post=2753"}],"version-history":[{"count":2,"href":"https:\/\/vadizon.de\/index.php\/wp-json\/wp\/v2\/product\/2753\/revisions"}],"predecessor-version":[{"id":4556,"href":"https:\/\/vadizon.de\/index.php\/wp-json\/wp\/v2\/product\/2753\/revisions\/4556"}],"wp:featuredmedia":[{"embeddable":true,"href":"https:\/\/vadizon.de\/index.php\/wp-json\/wp\/v2\/media\/2996"}],"wp:attachment":[{"href":"https:\/\/vadizon.de\/index.php\/wp-json\/wp\/v2\/media?parent=2753"}],"wp:term":[{"taxonomy":"product_brand","embeddable":true,"href":"https:\/\/vadizon.de\/index.php\/wp-json\/wp\/v2\/product_brand?post=2753"},{"taxonomy":"product_cat","embeddable":true,"href":"https:\/\/vadizon.de\/index.php\/wp-json\/wp\/v2\/product_cat?post=2753"},{"taxonomy":"product_tag","embeddable":true,"href":"https:\/\/vadizon.de\/index.php\/wp-json\/wp\/v2\/product_tag?post=2753"}],"curies":[{"name":"wp","href":"https:\/\/api.w.org\/{rel}","templated":true}]}}