{"id":2693,"date":"2023-10-09T13:41:29","date_gmt":"2023-10-09T10:41:29","guid":{"rendered":"https:\/\/www.vadizon.de\/?post_type=product&#038;p=2693"},"modified":"2023-10-12T14:50:09","modified_gmt":"2023-10-12T11:50:09","slug":"iris-apollo-weisser-multifunktionsschrank","status":"publish","type":"product","link":"https:\/\/vadizon.de\/index.php\/produkt\/iris-apollo-weisser-multifunktionsschrank\/","title":{"rendered":"Ir\u0131s Apollo Wei\u00dfer Multifunktionsschrank"},"content":{"rendered":"<p>Material: SPERRHOLZ 1. QUALIT\u00c4T<\/p>\n<p>G\u00dcRGEN HOLZBEINE<\/p>\n<p>PRODUKTMA\u00dfE: 95 X 36 X 111 CM<\/p>\n<p>GEWICHT: 45 KG.<\/p>\n","protected":false},"excerpt":{"rendered":"<p>Material: SPERRHOLZ 1. QUALIT\u00c4T G\u00dcRGEN HOLZBEINE PRODUKTMA\u00dfE: 95 X 36 X 111 CM GEWICHT: 45 KG.<\/p>\n","protected":false},"featured_media":0,"comment_status":"open","ping_status":"closed","template":"","meta":[],"product_brand":[],"product_cat":[33],"product_tag":[],"class_list":{"0":"post-2693","1":"product","2":"type-product","3":"status-publish","5":"product_cat-moebel","7":"first","8":"outofstock","9":"shipping-taxable","10":"purchasable","11":"product-type-simple"},"_links":{"self":[{"href":"https:\/\/vadizon.de\/index.php\/wp-json\/wp\/v2\/product\/2693","targetHints":{"allow":["GET"]}}],"collection":[{"href":"https:\/\/vadizon.de\/index.php\/wp-json\/wp\/v2\/product"}],"about":[{"href":"https:\/\/vadizon.de\/index.php\/wp-json\/wp\/v2\/types\/product"}],"replies":[{"embeddable":true,"href":"https:\/\/vadizon.de\/index.php\/wp-json\/wp\/v2\/comments?post=2693"}],"version-history":[{"count":2,"href":"https:\/\/vadizon.de\/index.php\/wp-json\/wp\/v2\/product\/2693\/revisions"}],"predecessor-version":[{"id":4550,"href":"https:\/\/vadizon.de\/index.php\/wp-json\/wp\/v2\/product\/2693\/revisions\/4550"}],"wp:attachment":[{"href":"https:\/\/vadizon.de\/index.php\/wp-json\/wp\/v2\/media?parent=2693"}],"wp:term":[{"taxonomy":"product_brand","embeddable":true,"href":"https:\/\/vadizon.de\/index.php\/wp-json\/wp\/v2\/product_brand?post=2693"},{"taxonomy":"product_cat","embeddable":true,"href":"https:\/\/vadizon.de\/index.php\/wp-json\/wp\/v2\/product_cat?post=2693"},{"taxonomy":"product_tag","embeddable":true,"href":"https:\/\/vadizon.de\/index.php\/wp-json\/wp\/v2\/product_tag?post=2693"}],"curies":[{"name":"wp","href":"https:\/\/api.w.org\/{rel}","templated":true}]}}