{"id":2362,"date":"2023-10-02T23:11:19","date_gmt":"2023-10-02T20:11:19","guid":{"rendered":"https:\/\/www.vadizon.de\/?post_type=product&#038;p=2362"},"modified":"2023-10-12T14:50:04","modified_gmt":"2023-10-12T11:50:04","slug":"iris-oasis-holzschrank-mit-geometrischem-gruenem-dreiecksmuster-und-zwei-tueren","status":"publish","type":"product","link":"https:\/\/vadizon.de\/index.php\/produkt\/iris-oasis-holzschrank-mit-geometrischem-gruenem-dreiecksmuster-und-zwei-tueren\/","title":{"rendered":"Ir\u0131s Oas\u0131s Holzschrank mit geometrischem gr\u00fcnem Dreiecksmuster und zwei T\u00fcren"},"content":{"rendered":"<p>Material: SPERRHOLZ 1. QUALIT\u00c4T<\/p>\n<p>G\u00dcRGEN HOLZBEINE<\/p>\n<p>PRODUKTMA\u00dfE: 80 X 36 X 127 CM<\/p>\n<p>GEWICHT: 41 KG.<\/p>\n","protected":false},"excerpt":{"rendered":"<p>Material: SPERRHOLZ 1. QUALIT\u00c4T G\u00dcRGEN HOLZBEINE PRODUKTMA\u00dfE: 80 X 36 X 127 CM GEWICHT: 41 KG.<\/p>\n","protected":false},"featured_media":2624,"comment_status":"open","ping_status":"closed","template":"","meta":[],"product_brand":[],"product_cat":[33],"product_tag":[],"class_list":{"0":"post-2362","1":"product","2":"type-product","3":"status-publish","4":"has-post-thumbnail","6":"product_cat-moebel","8":"first","9":"instock","10":"shipping-taxable","11":"purchasable","12":"product-type-simple"},"_links":{"self":[{"href":"https:\/\/vadizon.de\/index.php\/wp-json\/wp\/v2\/product\/2362","targetHints":{"allow":["GET"]}}],"collection":[{"href":"https:\/\/vadizon.de\/index.php\/wp-json\/wp\/v2\/product"}],"about":[{"href":"https:\/\/vadizon.de\/index.php\/wp-json\/wp\/v2\/types\/product"}],"replies":[{"embeddable":true,"href":"https:\/\/vadizon.de\/index.php\/wp-json\/wp\/v2\/comments?post=2362"}],"version-history":[{"count":2,"href":"https:\/\/vadizon.de\/index.php\/wp-json\/wp\/v2\/product\/2362\/revisions"}],"predecessor-version":[{"id":4518,"href":"https:\/\/vadizon.de\/index.php\/wp-json\/wp\/v2\/product\/2362\/revisions\/4518"}],"wp:featuredmedia":[{"embeddable":true,"href":"https:\/\/vadizon.de\/index.php\/wp-json\/wp\/v2\/media\/2624"}],"wp:attachment":[{"href":"https:\/\/vadizon.de\/index.php\/wp-json\/wp\/v2\/media?parent=2362"}],"wp:term":[{"taxonomy":"product_brand","embeddable":true,"href":"https:\/\/vadizon.de\/index.php\/wp-json\/wp\/v2\/product_brand?post=2362"},{"taxonomy":"product_cat","embeddable":true,"href":"https:\/\/vadizon.de\/index.php\/wp-json\/wp\/v2\/product_cat?post=2362"},{"taxonomy":"product_tag","embeddable":true,"href":"https:\/\/vadizon.de\/index.php\/wp-json\/wp\/v2\/product_tag?post=2362"}],"curies":[{"name":"wp","href":"https:\/\/api.w.org\/{rel}","templated":true}]}}