{"id":2223,"date":"2023-10-02T22:51:14","date_gmt":"2023-10-02T19:51:14","guid":{"rendered":"https:\/\/www.vadizon.de\/?post_type=product&#038;p=2223"},"modified":"2023-10-12T14:50:01","modified_gmt":"2023-10-12T11:50:01","slug":"iris-almond-iki-cekmeceli-kahverengi-degrade-gecisli-ahsap-komodin","status":"publish","type":"product","link":"https:\/\/vadizon.de\/index.php\/produkt\/iris-almond-iki-cekmeceli-kahverengi-degrade-gecisli-ahsap-komodin\/","title":{"rendered":"Ir\u0131s Almond  Zweischubladen Holzkommode mit degradiertem Braunton"},"content":{"rendered":"<p>Material: SPERRHOLZ 1. QUALIT\u00c4T<\/p>\n<p>G\u00dcRGEN HOLZBEINE<\/p>\n<p>PRODUKTMA\u00dfE: 60 X 40 X 61 CM<\/p>\n<p>GEWICHT: 17 KG.<\/p>\n","protected":false},"excerpt":{"rendered":"<p>Material: SPERRHOLZ 1. QUALIT\u00c4T G\u00dcRGEN HOLZBEINE PRODUKTMA\u00dfE: 60 X 40 X 61 CM GEWICHT: 17 KG.<\/p>\n","protected":false},"featured_media":2504,"comment_status":"open","ping_status":"closed","template":"","meta":[],"product_brand":[],"product_cat":[33],"product_tag":[],"class_list":{"0":"post-2223","1":"product","2":"type-product","3":"status-publish","4":"has-post-thumbnail","6":"product_cat-moebel","8":"first","9":"instock","10":"shipping-taxable","11":"purchasable","12":"product-type-simple"},"_links":{"self":[{"href":"https:\/\/vadizon.de\/index.php\/wp-json\/wp\/v2\/product\/2223","targetHints":{"allow":["GET"]}}],"collection":[{"href":"https:\/\/vadizon.de\/index.php\/wp-json\/wp\/v2\/product"}],"about":[{"href":"https:\/\/vadizon.de\/index.php\/wp-json\/wp\/v2\/types\/product"}],"replies":[{"embeddable":true,"href":"https:\/\/vadizon.de\/index.php\/wp-json\/wp\/v2\/comments?post=2223"}],"version-history":[{"count":3,"href":"https:\/\/vadizon.de\/index.php\/wp-json\/wp\/v2\/product\/2223\/revisions"}],"predecessor-version":[{"id":4504,"href":"https:\/\/vadizon.de\/index.php\/wp-json\/wp\/v2\/product\/2223\/revisions\/4504"}],"wp:featuredmedia":[{"embeddable":true,"href":"https:\/\/vadizon.de\/index.php\/wp-json\/wp\/v2\/media\/2504"}],"wp:attachment":[{"href":"https:\/\/vadizon.de\/index.php\/wp-json\/wp\/v2\/media?parent=2223"}],"wp:term":[{"taxonomy":"product_brand","embeddable":true,"href":"https:\/\/vadizon.de\/index.php\/wp-json\/wp\/v2\/product_brand?post=2223"},{"taxonomy":"product_cat","embeddable":true,"href":"https:\/\/vadizon.de\/index.php\/wp-json\/wp\/v2\/product_cat?post=2223"},{"taxonomy":"product_tag","embeddable":true,"href":"https:\/\/vadizon.de\/index.php\/wp-json\/wp\/v2\/product_tag?post=2223"}],"curies":[{"name":"wp","href":"https:\/\/api.w.org\/{rel}","templated":true}]}}