{"id":2155,"date":"2023-10-02T22:40:56","date_gmt":"2023-10-02T19:40:56","guid":{"rendered":"https:\/\/www.vadizon.de\/?post_type=product&#038;p=2155"},"modified":"2023-10-12T14:50:00","modified_gmt":"2023-10-12T11:50:00","slug":"iris-violet-basak-desenli-ahsap-kiler-dolabi","status":"publish","type":"product","link":"https:\/\/vadizon.de\/index.php\/produkt\/iris-violet-basak-desenli-ahsap-kiler-dolabi\/","title":{"rendered":"Ir\u0131s Violet   Holzvorratsschrank mit \u00c4hrendekor"},"content":{"rendered":"<p>Material: SPERRHOLZ 1. QUALIT\u00c4T<\/p>\n<p>PRODUKTMA\u00dfE: 60 X 36 X 116 CM<\/p>\n<p>GEWICHT: 41 KG.<\/p>\n","protected":false},"excerpt":{"rendered":"<p>Material: SPERRHOLZ 1. QUALIT\u00c4T PRODUKTMA\u00dfE: 60 X 36 X 116 CM GEWICHT: 41 KG.<\/p>\n","protected":false},"featured_media":2438,"comment_status":"open","ping_status":"closed","template":"","meta":[],"product_brand":[],"product_cat":[33],"product_tag":[],"class_list":{"0":"post-2155","1":"product","2":"type-product","3":"status-publish","4":"has-post-thumbnail","6":"product_cat-moebel","8":"first","9":"instock","10":"shipping-taxable","11":"purchasable","12":"product-type-simple"},"_links":{"self":[{"href":"https:\/\/vadizon.de\/index.php\/wp-json\/wp\/v2\/product\/2155","targetHints":{"allow":["GET"]}}],"collection":[{"href":"https:\/\/vadizon.de\/index.php\/wp-json\/wp\/v2\/product"}],"about":[{"href":"https:\/\/vadizon.de\/index.php\/wp-json\/wp\/v2\/types\/product"}],"replies":[{"embeddable":true,"href":"https:\/\/vadizon.de\/index.php\/wp-json\/wp\/v2\/comments?post=2155"}],"version-history":[{"count":3,"href":"https:\/\/vadizon.de\/index.php\/wp-json\/wp\/v2\/product\/2155\/revisions"}],"predecessor-version":[{"id":4497,"href":"https:\/\/vadizon.de\/index.php\/wp-json\/wp\/v2\/product\/2155\/revisions\/4497"}],"wp:featuredmedia":[{"embeddable":true,"href":"https:\/\/vadizon.de\/index.php\/wp-json\/wp\/v2\/media\/2438"}],"wp:attachment":[{"href":"https:\/\/vadizon.de\/index.php\/wp-json\/wp\/v2\/media?parent=2155"}],"wp:term":[{"taxonomy":"product_brand","embeddable":true,"href":"https:\/\/vadizon.de\/index.php\/wp-json\/wp\/v2\/product_brand?post=2155"},{"taxonomy":"product_cat","embeddable":true,"href":"https:\/\/vadizon.de\/index.php\/wp-json\/wp\/v2\/product_cat?post=2155"},{"taxonomy":"product_tag","embeddable":true,"href":"https:\/\/vadizon.de\/index.php\/wp-json\/wp\/v2\/product_tag?post=2155"}],"curies":[{"name":"wp","href":"https:\/\/api.w.org\/{rel}","templated":true}]}}