{"id":2135,"date":"2023-10-02T22:37:53","date_gmt":"2023-10-02T19:37:53","guid":{"rendered":"https:\/\/www.vadizon.de\/?post_type=product&#038;p=2135"},"modified":"2023-10-12T14:50:00","modified_gmt":"2023-10-12T11:50:00","slug":"iris-ornella-ahsap-aynali-tek-kapakli-askili-portmanto","status":"publish","type":"product","link":"https:\/\/vadizon.de\/index.php\/produkt\/iris-ornella-ahsap-aynali-tek-kapakli-askili-portmanto\/","title":{"rendered":"Ir\u0131s Ornella  Holzgarderobe mit einem Spiegel und einer einzigen T\u00fcr"},"content":{"rendered":"<p>Malzeme: 1. KAL\u0130TE SUNTALAM<\/p>\n<p>P\u0130LAST\u0130K AYAK<\/p>\n<p>\u00dcR\u00dcN \u00d6L\u00c7\u00dcS\u00dc: 100 X 36 X 190 CM<\/p>\n<p>A\u011eIRLIK: 56 KG.<\/p>\n","protected":false},"excerpt":{"rendered":"<p>Malzeme: 1. KAL\u0130TE SUNTALAM P\u0130LAST\u0130K AYAK \u00dcR\u00dcN \u00d6L\u00c7\u00dcS\u00dc: 100 X 36 X 190 CM A\u011eIRLIK: 56 KG.<\/p>\n","protected":false},"featured_media":2423,"comment_status":"open","ping_status":"closed","template":"","meta":[],"product_brand":[],"product_cat":[33],"product_tag":[],"class_list":{"0":"post-2135","1":"product","2":"type-product","3":"status-publish","4":"has-post-thumbnail","6":"product_cat-moebel","8":"first","9":"instock","10":"shipping-taxable","11":"purchasable","12":"product-type-simple"},"_links":{"self":[{"href":"https:\/\/vadizon.de\/index.php\/wp-json\/wp\/v2\/product\/2135","targetHints":{"allow":["GET"]}}],"collection":[{"href":"https:\/\/vadizon.de\/index.php\/wp-json\/wp\/v2\/product"}],"about":[{"href":"https:\/\/vadizon.de\/index.php\/wp-json\/wp\/v2\/types\/product"}],"replies":[{"embeddable":true,"href":"https:\/\/vadizon.de\/index.php\/wp-json\/wp\/v2\/comments?post=2135"}],"version-history":[{"count":2,"href":"https:\/\/vadizon.de\/index.php\/wp-json\/wp\/v2\/product\/2135\/revisions"}],"predecessor-version":[{"id":4350,"href":"https:\/\/vadizon.de\/index.php\/wp-json\/wp\/v2\/product\/2135\/revisions\/4350"}],"wp:featuredmedia":[{"embeddable":true,"href":"https:\/\/vadizon.de\/index.php\/wp-json\/wp\/v2\/media\/2423"}],"wp:attachment":[{"href":"https:\/\/vadizon.de\/index.php\/wp-json\/wp\/v2\/media?parent=2135"}],"wp:term":[{"taxonomy":"product_brand","embeddable":true,"href":"https:\/\/vadizon.de\/index.php\/wp-json\/wp\/v2\/product_brand?post=2135"},{"taxonomy":"product_cat","embeddable":true,"href":"https:\/\/vadizon.de\/index.php\/wp-json\/wp\/v2\/product_cat?post=2135"},{"taxonomy":"product_tag","embeddable":true,"href":"https:\/\/vadizon.de\/index.php\/wp-json\/wp\/v2\/product_tag?post=2135"}],"curies":[{"name":"wp","href":"https:\/\/api.w.org\/{rel}","templated":true}]}}