{"id":1957,"date":"2023-10-02T22:20:17","date_gmt":"2023-10-02T19:20:17","guid":{"rendered":"https:\/\/www.vadizon.de\/?post_type=product&#038;p=1957"},"modified":"2023-10-12T14:49:55","modified_gmt":"2023-10-12T11:49:55","slug":"dlc-curve-led-solar-saeule-350-lumen-ip54-100cm","status":"publish","type":"product","link":"https:\/\/vadizon.de\/index.php\/produkt\/dlc-curve-led-solar-saeule-350-lumen-ip54-100cm\/","title":{"rendered":"DLC Curve LED Solar S\u00e4ule 350 Lumen IP54 100CM"},"content":{"rendered":"<ul class=\"detail-desc-list\">\n<li>Wir bieten professionelle Solarbeleuchtungsprodukte von unserem Unternehmen an, das in der Solarbeleuchtungsbranche in unserem Land f\u00fchrend ist. Es l\u00e4dt sich automatisch bei Tageslicht auf und schaltet sich nachts automatisch ein. Es ist nicht erforderlich, st\u00e4ndig ein- und auszuschalten. Die Hauptmerkmale unseres Produkts sind wie folgt. Der Preis gilt f\u00fcr ein einzelnes Produkt. Die Lieferung erfolgt einzeln.<\/li>\n<li>*Kaltwei\u00dfes Licht 6000K<\/li>\n<li>*350 Lumen Lichtstrom<\/li>\n<li>*3-stufige Lichtregelung<\/li>\n<li>*Abmessungen: Breite: 19,8 cm, H\u00f6he: 100 cm<\/li>\n<li>*IP54 Schutzfunktion<\/li>\n<li>*Volle Ladung (mindestens 4-5 Stunden direktes Sonnenlicht pro Tag) f\u00fcr 8-10 Stunden Betriebsdauer<\/li>\n<li>*Material: ABS<\/li>\n<li>*Tag-Nacht-Fotowiderstandsfunktion<\/li>\n<li>*Li-Ionen-Akku<\/li>\n<li>*Monokristallines Silizium-Solarmodul<\/li>\n<li>*Das Produkt wird einzeln verkauft.<\/li>\n<\/ul>\n","protected":false},"excerpt":{"rendered":"<p>Wir bieten professionelle Solarbeleuchtungsprodukte von unserem Unternehmen an, das in der Solarbeleuchtungsbranche in unserem Land f\u00fchrend ist. Es l\u00e4dt sich<\/p>\n","protected":false},"featured_media":2126,"comment_status":"open","ping_status":"closed","template":"","meta":[],"product_brand":[],"product_cat":[23],"product_tag":[],"class_list":{"0":"post-1957","1":"product","2":"type-product","3":"status-publish","4":"has-post-thumbnail","6":"product_cat-solar","8":"first","9":"instock","10":"shipping-taxable","11":"purchasable","12":"product-type-simple"},"_links":{"self":[{"href":"https:\/\/vadizon.de\/index.php\/wp-json\/wp\/v2\/product\/1957","targetHints":{"allow":["GET"]}}],"collection":[{"href":"https:\/\/vadizon.de\/index.php\/wp-json\/wp\/v2\/product"}],"about":[{"href":"https:\/\/vadizon.de\/index.php\/wp-json\/wp\/v2\/types\/product"}],"replies":[{"embeddable":true,"href":"https:\/\/vadizon.de\/index.php\/wp-json\/wp\/v2\/comments?post=1957"}],"version-history":[{"count":2,"href":"https:\/\/vadizon.de\/index.php\/wp-json\/wp\/v2\/product\/1957\/revisions"}],"predecessor-version":[{"id":4467,"href":"https:\/\/vadizon.de\/index.php\/wp-json\/wp\/v2\/product\/1957\/revisions\/4467"}],"wp:featuredmedia":[{"embeddable":true,"href":"https:\/\/vadizon.de\/index.php\/wp-json\/wp\/v2\/media\/2126"}],"wp:attachment":[{"href":"https:\/\/vadizon.de\/index.php\/wp-json\/wp\/v2\/media?parent=1957"}],"wp:term":[{"taxonomy":"product_brand","embeddable":true,"href":"https:\/\/vadizon.de\/index.php\/wp-json\/wp\/v2\/product_brand?post=1957"},{"taxonomy":"product_cat","embeddable":true,"href":"https:\/\/vadizon.de\/index.php\/wp-json\/wp\/v2\/product_cat?post=1957"},{"taxonomy":"product_tag","embeddable":true,"href":"https:\/\/vadizon.de\/index.php\/wp-json\/wp\/v2\/product_tag?post=1957"}],"curies":[{"name":"wp","href":"https:\/\/api.w.org\/{rel}","templated":true}]}}