{"id":1948,"date":"2023-10-02T22:19:51","date_gmt":"2023-10-02T19:19:51","guid":{"rendered":"https:\/\/www.vadizon.de\/?post_type=product&#038;p=1948"},"modified":"2023-10-12T14:49:54","modified_gmt":"2023-10-12T11:49:54","slug":"dlc-solar-kugel-led-wandleuchte-1000-lumen-mit-sensor-ip54","status":"publish","type":"product","link":"https:\/\/vadizon.de\/index.php\/produkt\/dlc-solar-kugel-led-wandleuchte-1000-lumen-mit-sensor-ip54\/","title":{"rendered":"DLC Solar Kugel LED Wandleuchte 1000 Lumen mit Sensor IP54"},"content":{"rendered":"<ul class=\"detail-desc-list\">\n<li>Wir bieten professionelle Solarbeleuchtungsprodukte an, die unserem Unternehmen geh\u00f6ren und f\u00fchrend in der Solarbeleuchtungsbranche in unserem Land sind. Sie laden sich automatisch bei Tageslicht auf und schalten sich nachts automatisch ein. Sie m\u00fcssen sich nicht st\u00e4ndig um das Ein- und Ausschalten k\u00fcmmern. Die Hauptmerkmale unseres Produkts sind wie folgt. Der Preis gilt f\u00fcr ein einzelnes Produkt. Die Lieferung erfolgt als Einzelst\u00fcck.<\/li>\n<li>*Kaltwei\u00dfes Licht 6000K<\/li>\n<li>*1000 Lumen Lichtausbeute<\/li>\n<li>*3-Stufen-Lichtregelung<\/li>\n<li>*Durchmesser: 13,5 cm<\/li>\n<li>*IP54 Schutzfunktion<\/li>\n<li>*Mit Bewegungssensor oder ohne Sensor verwendbar<\/li>\n<li>*Volle Kapazit\u00e4tsladung (t\u00e4glich mindestens 4-5 Stunden direktes Sonnenlicht) f\u00fcr 8-10 Stunden Betriebszeit<\/li>\n<li>*Material: ABS, Kunststoff<\/li>\n<li>*Tag-Nacht-Fotosel-Funktion<\/li>\n<li>*Li-Ionen-Akku<\/li>\n<li>*Monokristallines Silizium-Solarmodul<\/li>\n<li>*Das Produkt wird einzeln verkauft.<\/li>\n<\/ul>\n","protected":false},"excerpt":{"rendered":"<p>Wir bieten professionelle Solarbeleuchtungsprodukte an, die unserem Unternehmen geh\u00f6ren und f\u00fchrend in der Solarbeleuchtungsbranche in unserem Land sind. Sie laden<\/p>\n","protected":false},"featured_media":2098,"comment_status":"open","ping_status":"closed","template":"","meta":[],"product_brand":[],"product_cat":[23],"product_tag":[],"class_list":{"0":"post-1948","1":"product","2":"type-product","3":"status-publish","4":"has-post-thumbnail","6":"product_cat-solar","8":"first","9":"instock","10":"shipping-taxable","11":"purchasable","12":"product-type-simple"},"_links":{"self":[{"href":"https:\/\/vadizon.de\/index.php\/wp-json\/wp\/v2\/product\/1948","targetHints":{"allow":["GET"]}}],"collection":[{"href":"https:\/\/vadizon.de\/index.php\/wp-json\/wp\/v2\/product"}],"about":[{"href":"https:\/\/vadizon.de\/index.php\/wp-json\/wp\/v2\/types\/product"}],"replies":[{"embeddable":true,"href":"https:\/\/vadizon.de\/index.php\/wp-json\/wp\/v2\/comments?post=1948"}],"version-history":[{"count":2,"href":"https:\/\/vadizon.de\/index.php\/wp-json\/wp\/v2\/product\/1948\/revisions"}],"predecessor-version":[{"id":4464,"href":"https:\/\/vadizon.de\/index.php\/wp-json\/wp\/v2\/product\/1948\/revisions\/4464"}],"wp:featuredmedia":[{"embeddable":true,"href":"https:\/\/vadizon.de\/index.php\/wp-json\/wp\/v2\/media\/2098"}],"wp:attachment":[{"href":"https:\/\/vadizon.de\/index.php\/wp-json\/wp\/v2\/media?parent=1948"}],"wp:term":[{"taxonomy":"product_brand","embeddable":true,"href":"https:\/\/vadizon.de\/index.php\/wp-json\/wp\/v2\/product_brand?post=1948"},{"taxonomy":"product_cat","embeddable":true,"href":"https:\/\/vadizon.de\/index.php\/wp-json\/wp\/v2\/product_cat?post=1948"},{"taxonomy":"product_tag","embeddable":true,"href":"https:\/\/vadizon.de\/index.php\/wp-json\/wp\/v2\/product_tag?post=1948"}],"curies":[{"name":"wp","href":"https:\/\/api.w.org\/{rel}","templated":true}]}}