{"id":1947,"date":"2023-10-02T22:19:50","date_gmt":"2023-10-02T19:19:50","guid":{"rendered":"https:\/\/www.vadizon.de\/?post_type=product&#038;p=1947"},"modified":"2023-10-12T14:49:54","modified_gmt":"2023-10-12T11:49:54","slug":"dlc-solar-wuerfel-led-wandleuchte-1000-lumen-sensor-ip65","status":"publish","type":"product","link":"https:\/\/vadizon.de\/index.php\/produkt\/dlc-solar-wuerfel-led-wandleuchte-1000-lumen-sensor-ip65\/","title":{"rendered":"DLC SOLAR W\u00dcRFEL LED WANDLEUCHTE 1000 LUMEN SENSOR IP65"},"content":{"rendered":"<ul class=\"detail-desc-list\">\n<li>Wir bieten professionelle Solarbeleuchtungsprodukte an, die unserem Unternehmen geh\u00f6ren und in der Solarbeleuchtungsbranche in unserem Land f\u00fchrend sind. Sie laden sich automatisch bei Tageslicht auf und schalten sich nachts automatisch ein. Sie m\u00fcssen sich nicht st\u00e4ndig um das Ein- und Ausschalten k\u00fcmmern. Die Hauptmerkmale unseres Produkts sind wie folgt. Der Preis gilt f\u00fcr ein einzelnes Produkt. Die Lieferung erfolgt als Einzelst\u00fcck.<\/li>\n<li>*Kaltwei\u00dfes Licht 6500K<\/li>\n<li>*1000 Lumen Lichtausbeute<\/li>\n<li>*3-Stufen-Lichtregelung<\/li>\n<li>*Durchmesser: 12,5 cm<\/li>\n<li>*IP65 Schutzfunktion<\/li>\n<li>*Mit Bewegungssensor oder ohne Sensor verwendbar<\/li>\n<li>*Volle Kapazit\u00e4tsladung (t\u00e4glich mindestens 4-5 Stunden direktes Sonnenlicht) f\u00fcr 8-10 Stunden Betriebszeit<\/li>\n<li>*Material: ABS<\/li>\n<li>*Tag-Nacht-Fotosel-Funktion<\/li>\n<li>*Li-Ionen-Akku<\/li>\n<li>*Monokristallines Silizium-Solarmodul<\/li>\n<li>*Das Produkt wird einzeln verkauft.<\/li>\n<\/ul>\n","protected":false},"excerpt":{"rendered":"<p>Wir bieten professionelle Solarbeleuchtungsprodukte an, die unserem Unternehmen geh\u00f6ren und in der Solarbeleuchtungsbranche in unserem Land f\u00fchrend sind. Sie laden<\/p>\n","protected":false},"featured_media":2088,"comment_status":"open","ping_status":"closed","template":"","meta":[],"product_brand":[],"product_cat":[23],"product_tag":[],"class_list":{"0":"post-1947","1":"product","2":"type-product","3":"status-publish","4":"has-post-thumbnail","6":"product_cat-solar","8":"first","9":"instock","10":"shipping-taxable","11":"purchasable","12":"product-type-simple"},"_links":{"self":[{"href":"https:\/\/vadizon.de\/index.php\/wp-json\/wp\/v2\/product\/1947","targetHints":{"allow":["GET"]}}],"collection":[{"href":"https:\/\/vadizon.de\/index.php\/wp-json\/wp\/v2\/product"}],"about":[{"href":"https:\/\/vadizon.de\/index.php\/wp-json\/wp\/v2\/types\/product"}],"replies":[{"embeddable":true,"href":"https:\/\/vadizon.de\/index.php\/wp-json\/wp\/v2\/comments?post=1947"}],"version-history":[{"count":2,"href":"https:\/\/vadizon.de\/index.php\/wp-json\/wp\/v2\/product\/1947\/revisions"}],"predecessor-version":[{"id":4463,"href":"https:\/\/vadizon.de\/index.php\/wp-json\/wp\/v2\/product\/1947\/revisions\/4463"}],"wp:featuredmedia":[{"embeddable":true,"href":"https:\/\/vadizon.de\/index.php\/wp-json\/wp\/v2\/media\/2088"}],"wp:attachment":[{"href":"https:\/\/vadizon.de\/index.php\/wp-json\/wp\/v2\/media?parent=1947"}],"wp:term":[{"taxonomy":"product_brand","embeddable":true,"href":"https:\/\/vadizon.de\/index.php\/wp-json\/wp\/v2\/product_brand?post=1947"},{"taxonomy":"product_cat","embeddable":true,"href":"https:\/\/vadizon.de\/index.php\/wp-json\/wp\/v2\/product_cat?post=1947"},{"taxonomy":"product_tag","embeddable":true,"href":"https:\/\/vadizon.de\/index.php\/wp-json\/wp\/v2\/product_tag?post=1947"}],"curies":[{"name":"wp","href":"https:\/\/api.w.org\/{rel}","templated":true}]}}