{"id":1940,"date":"2023-10-02T22:19:29","date_gmt":"2023-10-02T19:19:29","guid":{"rendered":"https:\/\/www.vadizon.de\/?post_type=product&#038;p=1940"},"modified":"2023-10-12T14:49:54","modified_gmt":"2023-10-12T11:49:54","slug":"dlc-solarpanel-mobil-100-watt-led-notbeleuchtung-campinglampe","status":"publish","type":"product","link":"https:\/\/vadizon.de\/index.php\/produkt\/dlc-solarpanel-mobil-100-watt-led-notbeleuchtung-campinglampe\/","title":{"rendered":"Dlc Solarpanel-Mobil 100 Watt LED Notbeleuchtung Campinglampe"},"content":{"rendered":"<p>Unsere Solarbeleuchtungsprodukte, die unserem Unternehmen geh\u00f6ren und in der Solarbeleuchtungsbranche unseres Landes f\u00fchrend sind, sind erh\u00e4ltlich. Sie laden sich tags\u00fcber automatisch auf und schalten sich nachts automatisch ein. Sie m\u00fcssen sich nicht st\u00e4ndig mit dem Ein- und Ausschalten befassen. Die wichtigsten Eigenschaften unseres Produkts sind wie folgt. Der Preis gilt f\u00fcr ein einzelnes Produkt. Die Lieferung erfolgt als Einzelst\u00fcck.<\/p>\n<p>*Kaltwei\u00dfes Licht 6500K<br \/>\n*6600 mAh Leistungskapazit\u00e4t<br \/>\n*100 LEDs<br \/>\n*100 Watt LED<br \/>\n*120 Grad Winkel<br \/>\n*IP65 Schutzfunktion<br \/>\n*3-Stufen-Lichtregelung<br \/>\n*8-10 Stunden Betriebsdauer bei voller Ladung<br \/>\n*Material: ABS, METALL<br \/>\n*Handy-Ladefunktion<br \/>\n*SOLAR- UND 220V-LADEFUNKTION<br \/>\n*NOTFALLLEUCHTE<br \/>\n*Das Produkt wird einzeln verkauft.<br \/>\nProdukteigenschaften<\/p>\n<p>*Typ: Solarenergie<br \/>\n*Leistung (Watt): 100 Watt<br \/>\n*Lampenart: LED<br \/>\n*Energieeffizienz: Verf\u00fcgbar<br \/>\n*Farbe: Wei\u00df<\/p>\n","protected":false},"excerpt":{"rendered":"<p>Unsere Solarbeleuchtungsprodukte, die unserem Unternehmen geh\u00f6ren und in der Solarbeleuchtungsbranche unseres Landes f\u00fchrend sind, sind erh\u00e4ltlich. Sie laden sich tags\u00fcber<\/p>\n","protected":false},"featured_media":2074,"comment_status":"open","ping_status":"closed","template":"","meta":[],"product_brand":[],"product_cat":[23],"product_tag":[],"class_list":{"0":"post-1940","1":"product","2":"type-product","3":"status-publish","4":"has-post-thumbnail","6":"product_cat-solar","8":"first","9":"instock","10":"shipping-taxable","11":"purchasable","12":"product-type-simple"},"_links":{"self":[{"href":"https:\/\/vadizon.de\/index.php\/wp-json\/wp\/v2\/product\/1940","targetHints":{"allow":["GET"]}}],"collection":[{"href":"https:\/\/vadizon.de\/index.php\/wp-json\/wp\/v2\/product"}],"about":[{"href":"https:\/\/vadizon.de\/index.php\/wp-json\/wp\/v2\/types\/product"}],"replies":[{"embeddable":true,"href":"https:\/\/vadizon.de\/index.php\/wp-json\/wp\/v2\/comments?post=1940"}],"version-history":[{"count":2,"href":"https:\/\/vadizon.de\/index.php\/wp-json\/wp\/v2\/product\/1940\/revisions"}],"predecessor-version":[{"id":4461,"href":"https:\/\/vadizon.de\/index.php\/wp-json\/wp\/v2\/product\/1940\/revisions\/4461"}],"wp:featuredmedia":[{"embeddable":true,"href":"https:\/\/vadizon.de\/index.php\/wp-json\/wp\/v2\/media\/2074"}],"wp:attachment":[{"href":"https:\/\/vadizon.de\/index.php\/wp-json\/wp\/v2\/media?parent=1940"}],"wp:term":[{"taxonomy":"product_brand","embeddable":true,"href":"https:\/\/vadizon.de\/index.php\/wp-json\/wp\/v2\/product_brand?post=1940"},{"taxonomy":"product_cat","embeddable":true,"href":"https:\/\/vadizon.de\/index.php\/wp-json\/wp\/v2\/product_cat?post=1940"},{"taxonomy":"product_tag","embeddable":true,"href":"https:\/\/vadizon.de\/index.php\/wp-json\/wp\/v2\/product_tag?post=1940"}],"curies":[{"name":"wp","href":"https:\/\/api.w.org\/{rel}","templated":true}]}}