{"id":1919,"date":"2023-10-02T22:18:18","date_gmt":"2023-10-02T19:18:18","guid":{"rendered":"https:\/\/www.vadizon.de\/?post_type=product&#038;p=1919"},"modified":"2023-10-12T14:49:53","modified_gmt":"2023-10-12T11:49:53","slug":"dlc-solar-bodenleuchten-pfoten-4er-set-gelblicht","status":"publish","type":"product","link":"https:\/\/vadizon.de\/index.php\/produkt\/dlc-solar-bodenleuchten-pfoten-4er-set-gelblicht\/","title":{"rendered":"Dlc Solar Bodenleuchten Pfoten 4er Set Gelblicht"},"content":{"rendered":"<p>Unsere Solarbeleuchtungsprodukte, die unserem Unternehmen geh\u00f6ren und in der Solarbeleuchtungsbranche unseres Landes f\u00fchrend sind, sind erh\u00e4ltlich. Sie laden sich tags\u00fcber automatisch auf und schalten sich nachts automatisch ein. Sie m\u00fcssen sich nicht st\u00e4ndig mit dem Ein- und Ausschalten befassen. Die wichtigsten Eigenschaften unseres Produkts sind wie folgt. Der Preis gilt f\u00fcr ein einzelnes Produkt. Die Lieferung erfolgt als Einzelst\u00fcck.<\/p>\n<p>*Gelbes Licht<br \/>\n*600 mAh Leistungskapazit\u00e4t<br \/>\n*4 LEDs im 4er-Set<br \/>\n*120 Grad \u00d6ffnungswinkel<br \/>\n*IP44 Schutzfunktion<br \/>\n*8-10 Stunden Betriebsdauer bei voller Ladung<br \/>\n*Material: ABS<br \/>\n*Das Produkt wird einzeln verkauft.<br \/>\nProdukteigenschaften<\/p>\n<p>*Typ: Solarenergie<br \/>\n*Leistung (Watt): 4 Watt<br \/>\n*Lampentyp: LED<br \/>\n*Energieeffizienz: Verf\u00fcgbar<br \/>\n*Farbe: Wei\u00df<\/p>\n","protected":false},"excerpt":{"rendered":"<p>Unsere Solarbeleuchtungsprodukte, die unserem Unternehmen geh\u00f6ren und in der Solarbeleuchtungsbranche unseres Landes f\u00fchrend sind, sind erh\u00e4ltlich. Sie laden sich tags\u00fcber<\/p>\n","protected":false},"featured_media":2029,"comment_status":"open","ping_status":"closed","template":"","meta":[],"product_brand":[],"product_cat":[23],"product_tag":[],"class_list":{"0":"post-1919","1":"product","2":"type-product","3":"status-publish","4":"has-post-thumbnail","6":"product_cat-solar","8":"first","9":"instock","10":"shipping-taxable","11":"purchasable","12":"product-type-simple"},"_links":{"self":[{"href":"https:\/\/vadizon.de\/index.php\/wp-json\/wp\/v2\/product\/1919","targetHints":{"allow":["GET"]}}],"collection":[{"href":"https:\/\/vadizon.de\/index.php\/wp-json\/wp\/v2\/product"}],"about":[{"href":"https:\/\/vadizon.de\/index.php\/wp-json\/wp\/v2\/types\/product"}],"replies":[{"embeddable":true,"href":"https:\/\/vadizon.de\/index.php\/wp-json\/wp\/v2\/comments?post=1919"}],"version-history":[{"count":2,"href":"https:\/\/vadizon.de\/index.php\/wp-json\/wp\/v2\/product\/1919\/revisions"}],"predecessor-version":[{"id":4454,"href":"https:\/\/vadizon.de\/index.php\/wp-json\/wp\/v2\/product\/1919\/revisions\/4454"}],"wp:featuredmedia":[{"embeddable":true,"href":"https:\/\/vadizon.de\/index.php\/wp-json\/wp\/v2\/media\/2029"}],"wp:attachment":[{"href":"https:\/\/vadizon.de\/index.php\/wp-json\/wp\/v2\/media?parent=1919"}],"wp:term":[{"taxonomy":"product_brand","embeddable":true,"href":"https:\/\/vadizon.de\/index.php\/wp-json\/wp\/v2\/product_brand?post=1919"},{"taxonomy":"product_cat","embeddable":true,"href":"https:\/\/vadizon.de\/index.php\/wp-json\/wp\/v2\/product_cat?post=1919"},{"taxonomy":"product_tag","embeddable":true,"href":"https:\/\/vadizon.de\/index.php\/wp-json\/wp\/v2\/product_tag?post=1919"}],"curies":[{"name":"wp","href":"https:\/\/api.w.org\/{rel}","templated":true}]}}