{"id":1918,"date":"2023-10-02T22:18:18","date_gmt":"2023-10-02T19:18:18","guid":{"rendered":"https:\/\/www.vadizon.de\/?post_type=product&#038;p=1918"},"modified":"2023-10-12T14:49:53","modified_gmt":"2023-10-12T11:49:53","slug":"dlc-solarpanel-mit-40-led-wandleuchte-mit-sensor","status":"publish","type":"product","link":"https:\/\/vadizon.de\/index.php\/produkt\/dlc-solarpanel-mit-40-led-wandleuchte-mit-sensor\/","title":{"rendered":"Dlc Solarpanel mit 40 LED-Wandleuchte mit Sensor"},"content":{"rendered":"<p>Unsere Solarbeleuchtungsprodukte, die unserem Unternehmen geh\u00f6ren und in der Solarbeleuchtungsbranche unseres Landes f\u00fchrend sind, sind erh\u00e4ltlich. Sie laden sich tags\u00fcber automatisch auf und schalten sich nachts automatisch ein. Sie m\u00fcssen sich nicht st\u00e4ndig mit dem Ein- und Ausschalten befassen. Die wichtigsten Eigenschaften unseres Produkts sind wie folgt. Der Preis gilt f\u00fcr ein einzelnes Produkt. Die Lieferung erfolgt als Einzelst\u00fcck.<\/p>\n<p>*Wei\u00dfes Licht 6500K<br \/>\n*1200 mAh Leistungskapazit\u00e4t<br \/>\n*120 Grad \u00d6ffnungswinkel<br \/>\n*Lichtstrahlabstand von 3-5 Metern<br \/>\n*40 LEDs<br \/>\n*IP65 Schutzfunktion<br \/>\n*8-10 Stunden Betriebsdauer bei voller Ladung<br \/>\n*Material: ABS<br \/>\n*Tag-Nacht-Fotovoltaikfunktion<br \/>\n*Das Produkt wird einzeln verkauft.<br \/>\nProdukteigenschaften<\/p>\n<p>*Typ: Solarenergie<br \/>\n*Leistung (Watt): 1,2 Watt<br \/>\n*Lampentyp: LED<br \/>\n*Energieeffizienz: Verf\u00fcgbar<br \/>\n*Farbe: Wei\u00df<\/p>\n","protected":false},"excerpt":{"rendered":"<p>Unsere Solarbeleuchtungsprodukte, die unserem Unternehmen geh\u00f6ren und in der Solarbeleuchtungsbranche unseres Landes f\u00fchrend sind, sind erh\u00e4ltlich. Sie laden sich tags\u00fcber<\/p>\n","protected":false},"featured_media":2023,"comment_status":"open","ping_status":"closed","template":"","meta":[],"product_brand":[],"product_cat":[23],"product_tag":[],"class_list":{"0":"post-1918","1":"product","2":"type-product","3":"status-publish","4":"has-post-thumbnail","6":"product_cat-solar","8":"first","9":"instock","10":"shipping-taxable","11":"purchasable","12":"product-type-simple"},"_links":{"self":[{"href":"https:\/\/vadizon.de\/index.php\/wp-json\/wp\/v2\/product\/1918","targetHints":{"allow":["GET"]}}],"collection":[{"href":"https:\/\/vadizon.de\/index.php\/wp-json\/wp\/v2\/product"}],"about":[{"href":"https:\/\/vadizon.de\/index.php\/wp-json\/wp\/v2\/types\/product"}],"replies":[{"embeddable":true,"href":"https:\/\/vadizon.de\/index.php\/wp-json\/wp\/v2\/comments?post=1918"}],"version-history":[{"count":2,"href":"https:\/\/vadizon.de\/index.php\/wp-json\/wp\/v2\/product\/1918\/revisions"}],"predecessor-version":[{"id":4453,"href":"https:\/\/vadizon.de\/index.php\/wp-json\/wp\/v2\/product\/1918\/revisions\/4453"}],"wp:featuredmedia":[{"embeddable":true,"href":"https:\/\/vadizon.de\/index.php\/wp-json\/wp\/v2\/media\/2023"}],"wp:attachment":[{"href":"https:\/\/vadizon.de\/index.php\/wp-json\/wp\/v2\/media?parent=1918"}],"wp:term":[{"taxonomy":"product_brand","embeddable":true,"href":"https:\/\/vadizon.de\/index.php\/wp-json\/wp\/v2\/product_brand?post=1918"},{"taxonomy":"product_cat","embeddable":true,"href":"https:\/\/vadizon.de\/index.php\/wp-json\/wp\/v2\/product_cat?post=1918"},{"taxonomy":"product_tag","embeddable":true,"href":"https:\/\/vadizon.de\/index.php\/wp-json\/wp\/v2\/product_tag?post=1918"}],"curies":[{"name":"wp","href":"https:\/\/api.w.org\/{rel}","templated":true}]}}