{"id":1908,"date":"2023-10-02T22:17:50","date_gmt":"2023-10-02T19:17:50","guid":{"rendered":"https:\/\/www.vadizon.de\/?post_type=product&#038;p=1908"},"modified":"2023-10-12T14:49:52","modified_gmt":"2023-10-12T11:49:52","slug":"dlc-solarpanel-mit-sensor-20-led-wandleuchte","status":"publish","type":"product","link":"https:\/\/vadizon.de\/index.php\/produkt\/dlc-solarpanel-mit-sensor-20-led-wandleuchte\/","title":{"rendered":"Dlc Solarpanel mit Sensor 20 LED Wandleuchte"},"content":{"rendered":"<p>Unsere Solarbeleuchtungsprodukte, die f\u00fchrend in der Branche f\u00fcr Solarbeleuchtung in unserem Land sind, sind erh\u00e4ltlich. Sie laden sich tags\u00fcber automatisch bei Tageslicht auf und leuchten nachts automatisch auf. Es ist nicht erforderlich, sie st\u00e4ndig ein- und auszuschalten. Die Hauptmerkmale unseres Produkts sind wie folgt. Der Preis gilt pro St\u00fcck, und der Versand erfolgt in einer Einzelst\u00fcck-Packung.<\/p>\n<p>*Wei\u00dfes Licht 6500K<br \/>\n*800 mAH Leistungskapazit\u00e4t<br \/>\n*Lichtabstrahlungsbereich von 3-5 Metern<br \/>\n*20 LEDs<br \/>\n*IP65 Schutzfunktion<br \/>\n*Volle Ladung erm\u00f6glicht 8-10 Stunden Betriebsdauer<br \/>\n*Material: ABS<br \/>\n*Tag-Nacht-Fotovoltaikfunktion<br \/>\n*Das Produkt wird einzeln verkauft.<br \/>\nProduktspezifikationen<\/p>\n<p>*Typ: Solarenergie<br \/>\n*Leistung (Watt): 1 Watt<br \/>\n*Lampentyp: LED<br \/>\n*Energiesparmodus: Verf\u00fcgbar<br \/>\n*Farbe: Wei\u00df<\/p>\n","protected":false},"excerpt":{"rendered":"<p>Unsere Solarbeleuchtungsprodukte, die f\u00fchrend in der Branche f\u00fcr Solarbeleuchtung in unserem Land sind, sind erh\u00e4ltlich. Sie laden sich tags\u00fcber automatisch<\/p>\n","protected":false},"featured_media":1995,"comment_status":"open","ping_status":"closed","template":"","meta":[],"product_brand":[],"product_cat":[23],"product_tag":[],"class_list":{"0":"post-1908","1":"product","2":"type-product","3":"status-publish","4":"has-post-thumbnail","6":"product_cat-solar","8":"first","9":"instock","10":"shipping-taxable","11":"purchasable","12":"product-type-simple"},"_links":{"self":[{"href":"https:\/\/vadizon.de\/index.php\/wp-json\/wp\/v2\/product\/1908","targetHints":{"allow":["GET"]}}],"collection":[{"href":"https:\/\/vadizon.de\/index.php\/wp-json\/wp\/v2\/product"}],"about":[{"href":"https:\/\/vadizon.de\/index.php\/wp-json\/wp\/v2\/types\/product"}],"replies":[{"embeddable":true,"href":"https:\/\/vadizon.de\/index.php\/wp-json\/wp\/v2\/comments?post=1908"}],"version-history":[{"count":2,"href":"https:\/\/vadizon.de\/index.php\/wp-json\/wp\/v2\/product\/1908\/revisions"}],"predecessor-version":[{"id":4449,"href":"https:\/\/vadizon.de\/index.php\/wp-json\/wp\/v2\/product\/1908\/revisions\/4449"}],"wp:featuredmedia":[{"embeddable":true,"href":"https:\/\/vadizon.de\/index.php\/wp-json\/wp\/v2\/media\/1995"}],"wp:attachment":[{"href":"https:\/\/vadizon.de\/index.php\/wp-json\/wp\/v2\/media?parent=1908"}],"wp:term":[{"taxonomy":"product_brand","embeddable":true,"href":"https:\/\/vadizon.de\/index.php\/wp-json\/wp\/v2\/product_brand?post=1908"},{"taxonomy":"product_cat","embeddable":true,"href":"https:\/\/vadizon.de\/index.php\/wp-json\/wp\/v2\/product_cat?post=1908"},{"taxonomy":"product_tag","embeddable":true,"href":"https:\/\/vadizon.de\/index.php\/wp-json\/wp\/v2\/product_tag?post=1908"}],"curies":[{"name":"wp","href":"https:\/\/api.w.org\/{rel}","templated":true}]}}