{"id":1901,"date":"2023-10-02T22:17:22","date_gmt":"2023-10-02T19:17:22","guid":{"rendered":"https:\/\/www.vadizon.de\/?post_type=product&#038;p=1901"},"modified":"2023-10-12T14:49:52","modified_gmt":"2023-10-12T11:49:52","slug":"dlc-solar-rgb-einbauspot-8-led-3-watt-farbwechselnd","status":"publish","type":"product","link":"https:\/\/vadizon.de\/index.php\/produkt\/dlc-solar-rgb-einbauspot-8-led-3-watt-farbwechselnd\/","title":{"rendered":"Dlc Solar RGB Einbauspot 8 LED 3 Watt Farbwechselnd"},"content":{"rendered":"<p>Unsere Solarbeleuchtungsprodukte, die f\u00fchrend in der Branche f\u00fcr Solarbeleuchtung in unserem Land sind, sind erh\u00e4ltlich. Dieses Modell verf\u00fcgt \u00fcber eine RGB-Funktion, d.h., es kann die Farbe \u00e4ndern. Es l\u00e4dt sich tags\u00fcber automatisch bei Tageslicht auf und leuchtet nachts automatisch auf. Es ist nicht erforderlich, es st\u00e4ndig ein- und auszuschalten. Die Hauptmerkmale unseres Produkts sind wie folgt. Der Preis gilt pro St\u00fcck, und der Versand erfolgt in einer Einzelst\u00fcck-Packung.<\/p>\n<p>*3 Watt RGB LED (Farbwechselfunktion)<br \/>\n*1200 mAH Leistungskapazit\u00e4t<br \/>\n*Lichtabstrahlungsbereich von 3-5 Metern<br \/>\n*8 LEDs<br \/>\n*IP65 Schutzfunktion<br \/>\n*Volle Ladung erm\u00f6glicht 8-10 Stunden Betriebsdauer<br \/>\n*Material: ABS<br \/>\n*Tag-Nacht-Fotovoltaikfunktion<br \/>\n*Das Produkt wird einzeln verkauft.<br \/>\nProduktspezifikationen<\/p>\n<p>*Typ: Solarenergie<br \/>\n*Leistung (Watt): 3 Watt<br \/>\n*Lampentyp: LED<br \/>\n*Energiesparmodus: Verf\u00fcgbar<\/p>\n","protected":false},"excerpt":{"rendered":"<p>Unsere Solarbeleuchtungsprodukte, die f\u00fchrend in der Branche f\u00fcr Solarbeleuchtung in unserem Land sind, sind erh\u00e4ltlich. Dieses Modell verf\u00fcgt \u00fcber eine<\/p>\n","protected":false},"featured_media":1987,"comment_status":"open","ping_status":"closed","template":"","meta":[],"product_brand":[],"product_cat":[23],"product_tag":[],"class_list":{"0":"post-1901","1":"product","2":"type-product","3":"status-publish","4":"has-post-thumbnail","6":"product_cat-solar","8":"first","9":"instock","10":"shipping-taxable","11":"purchasable","12":"product-type-simple"},"_links":{"self":[{"href":"https:\/\/vadizon.de\/index.php\/wp-json\/wp\/v2\/product\/1901","targetHints":{"allow":["GET"]}}],"collection":[{"href":"https:\/\/vadizon.de\/index.php\/wp-json\/wp\/v2\/product"}],"about":[{"href":"https:\/\/vadizon.de\/index.php\/wp-json\/wp\/v2\/types\/product"}],"replies":[{"embeddable":true,"href":"https:\/\/vadizon.de\/index.php\/wp-json\/wp\/v2\/comments?post=1901"}],"version-history":[{"count":2,"href":"https:\/\/vadizon.de\/index.php\/wp-json\/wp\/v2\/product\/1901\/revisions"}],"predecessor-version":[{"id":4448,"href":"https:\/\/vadizon.de\/index.php\/wp-json\/wp\/v2\/product\/1901\/revisions\/4448"}],"wp:featuredmedia":[{"embeddable":true,"href":"https:\/\/vadizon.de\/index.php\/wp-json\/wp\/v2\/media\/1987"}],"wp:attachment":[{"href":"https:\/\/vadizon.de\/index.php\/wp-json\/wp\/v2\/media?parent=1901"}],"wp:term":[{"taxonomy":"product_brand","embeddable":true,"href":"https:\/\/vadizon.de\/index.php\/wp-json\/wp\/v2\/product_brand?post=1901"},{"taxonomy":"product_cat","embeddable":true,"href":"https:\/\/vadizon.de\/index.php\/wp-json\/wp\/v2\/product_cat?post=1901"},{"taxonomy":"product_tag","embeddable":true,"href":"https:\/\/vadizon.de\/index.php\/wp-json\/wp\/v2\/product_tag?post=1901"}],"curies":[{"name":"wp","href":"https:\/\/api.w.org\/{rel}","templated":true}]}}