{"id":1890,"date":"2023-10-02T22:16:54","date_gmt":"2023-10-02T19:16:54","guid":{"rendered":"https:\/\/www.vadizon.de\/?post_type=product&#038;p=1890"},"modified":"2023-10-12T14:49:51","modified_gmt":"2023-10-12T11:49:51","slug":"solar-grosse-tulpe-bunt","status":"publish","type":"product","link":"https:\/\/vadizon.de\/index.php\/produkt\/solar-grosse-tulpe-bunt\/","title":{"rendered":"Solar Gro\u00dfe Tulpe Bunt"},"content":{"rendered":"<p>Solar Gro\u00dfe Tulpe, 8*44 cm, wei\u00df, mit 1 LED und 100mAh, mit Schl\u00fcsselring<\/p>\n","protected":false},"excerpt":{"rendered":"<p>Solar Gro\u00dfe Tulpe, 8*44 cm, wei\u00df, mit 1 LED und 100mAh, mit Schl\u00fcsselring<\/p>\n","protected":false},"featured_media":1971,"comment_status":"open","ping_status":"closed","template":"","meta":[],"product_brand":[],"product_cat":[23],"product_tag":[],"class_list":{"0":"post-1890","1":"product","2":"type-product","3":"status-publish","4":"has-post-thumbnail","6":"product_cat-solar","8":"first","9":"outofstock","10":"shipping-taxable","11":"purchasable","12":"product-type-simple"},"_links":{"self":[{"href":"https:\/\/vadizon.de\/index.php\/wp-json\/wp\/v2\/product\/1890","targetHints":{"allow":["GET"]}}],"collection":[{"href":"https:\/\/vadizon.de\/index.php\/wp-json\/wp\/v2\/product"}],"about":[{"href":"https:\/\/vadizon.de\/index.php\/wp-json\/wp\/v2\/types\/product"}],"replies":[{"embeddable":true,"href":"https:\/\/vadizon.de\/index.php\/wp-json\/wp\/v2\/comments?post=1890"}],"version-history":[{"count":2,"href":"https:\/\/vadizon.de\/index.php\/wp-json\/wp\/v2\/product\/1890\/revisions"}],"predecessor-version":[{"id":4444,"href":"https:\/\/vadizon.de\/index.php\/wp-json\/wp\/v2\/product\/1890\/revisions\/4444"}],"wp:featuredmedia":[{"embeddable":true,"href":"https:\/\/vadizon.de\/index.php\/wp-json\/wp\/v2\/media\/1971"}],"wp:attachment":[{"href":"https:\/\/vadizon.de\/index.php\/wp-json\/wp\/v2\/media?parent=1890"}],"wp:term":[{"taxonomy":"product_brand","embeddable":true,"href":"https:\/\/vadizon.de\/index.php\/wp-json\/wp\/v2\/product_brand?post=1890"},{"taxonomy":"product_cat","embeddable":true,"href":"https:\/\/vadizon.de\/index.php\/wp-json\/wp\/v2\/product_cat?post=1890"},{"taxonomy":"product_tag","embeddable":true,"href":"https:\/\/vadizon.de\/index.php\/wp-json\/wp\/v2\/product_tag?post=1890"}],"curies":[{"name":"wp","href":"https:\/\/api.w.org\/{rel}","templated":true}]}}