{"id":1869,"date":"2023-10-02T22:15:31","date_gmt":"2023-10-02T19:15:31","guid":{"rendered":"https:\/\/www.vadizon.de\/?post_type=product&#038;p=1869"},"modified":"2023-10-12T14:49:50","modified_gmt":"2023-10-12T11:49:50","slug":"solar-stein-mit-8-leds","status":"publish","type":"product","link":"https:\/\/vadizon.de\/index.php\/produkt\/solar-stein-mit-8-leds\/","title":{"rendered":"Solar Stein mit 8 LEDs"},"content":{"rendered":"<p>Solar schwarzer Schl\u00fcsselanh\u00e4nger mit 8 wei\u00dfen LEDs und 300mA\/h Batterie<\/p>\n","protected":false},"excerpt":{"rendered":"<p>Solar schwarzer Schl\u00fcsselanh\u00e4nger mit 8 wei\u00dfen LEDs und 300mA\/h Batterie<\/p>\n","protected":false},"featured_media":1958,"comment_status":"open","ping_status":"closed","template":"","meta":[],"product_brand":[],"product_cat":[23],"product_tag":[],"class_list":{"0":"post-1869","1":"product","2":"type-product","3":"status-publish","4":"has-post-thumbnail","6":"product_cat-solar","8":"first","9":"outofstock","10":"shipping-taxable","11":"purchasable","12":"product-type-simple"},"_links":{"self":[{"href":"https:\/\/vadizon.de\/index.php\/wp-json\/wp\/v2\/product\/1869","targetHints":{"allow":["GET"]}}],"collection":[{"href":"https:\/\/vadizon.de\/index.php\/wp-json\/wp\/v2\/product"}],"about":[{"href":"https:\/\/vadizon.de\/index.php\/wp-json\/wp\/v2\/types\/product"}],"replies":[{"embeddable":true,"href":"https:\/\/vadizon.de\/index.php\/wp-json\/wp\/v2\/comments?post=1869"}],"version-history":[{"count":2,"href":"https:\/\/vadizon.de\/index.php\/wp-json\/wp\/v2\/product\/1869\/revisions"}],"predecessor-version":[{"id":4439,"href":"https:\/\/vadizon.de\/index.php\/wp-json\/wp\/v2\/product\/1869\/revisions\/4439"}],"wp:featuredmedia":[{"embeddable":true,"href":"https:\/\/vadizon.de\/index.php\/wp-json\/wp\/v2\/media\/1958"}],"wp:attachment":[{"href":"https:\/\/vadizon.de\/index.php\/wp-json\/wp\/v2\/media?parent=1869"}],"wp:term":[{"taxonomy":"product_brand","embeddable":true,"href":"https:\/\/vadizon.de\/index.php\/wp-json\/wp\/v2\/product_brand?post=1869"},{"taxonomy":"product_cat","embeddable":true,"href":"https:\/\/vadizon.de\/index.php\/wp-json\/wp\/v2\/product_cat?post=1869"},{"taxonomy":"product_tag","embeddable":true,"href":"https:\/\/vadizon.de\/index.php\/wp-json\/wp\/v2\/product_tag?post=1869"}],"curies":[{"name":"wp","href":"https:\/\/api.w.org\/{rel}","templated":true}]}}