{"id":1835,"date":"2023-10-02T21:36:51","date_gmt":"2023-10-02T18:36:51","guid":{"rendered":"https:\/\/www.vadizon.de\/?post_type=product&#038;p=1835"},"modified":"2023-10-12T14:49:50","modified_gmt":"2023-10-12T11:49:50","slug":"solarpanel-strassenlampe-50w","status":"publish","type":"product","link":"https:\/\/vadizon.de\/index.php\/produkt\/solarpanel-strassenlampe-50w\/","title":{"rendered":"Solarpanel Stra\u00dfenlampe 50W"},"content":{"rendered":"<p>50 LED-Solarpanel, wei\u00dfes Licht, ferngesteuert, kann als Stra\u00dfenlampen und Wandleuchten verwendet werden. Beleuchtet eine Fl\u00e4che von 60 Quadratmetern. Mit Bewegungssensor, kann 8 Stunden lang geladen werden und 15 Stunden lang leuchten. 423 Lumen Lichtleistung, IP65 wasserdicht und f\u00fcr den Garten geeignet. Betriebstemperatur von -25\u00b0C bis 65\u00b0C. Funktioniert mit einem 3,7V 10AH Akku. Akku im Lieferumfang enthalten.<\/p>\n","protected":false},"excerpt":{"rendered":"<p>50 LED-Solarpanel, wei\u00dfes Licht, ferngesteuert, kann als Stra\u00dfenlampen und Wandleuchten verwendet werden. Beleuchtet eine Fl\u00e4che von 60 Quadratmetern. Mit Bewegungssensor,<\/p>\n","protected":false},"featured_media":1944,"comment_status":"open","ping_status":"closed","template":"","meta":[],"product_brand":[],"product_cat":[23],"product_tag":[],"class_list":{"0":"post-1835","1":"product","2":"type-product","3":"status-publish","4":"has-post-thumbnail","6":"product_cat-solar","8":"first","9":"outofstock","10":"shipping-taxable","11":"purchasable","12":"product-type-simple"},"_links":{"self":[{"href":"https:\/\/vadizon.de\/index.php\/wp-json\/wp\/v2\/product\/1835","targetHints":{"allow":["GET"]}}],"collection":[{"href":"https:\/\/vadizon.de\/index.php\/wp-json\/wp\/v2\/product"}],"about":[{"href":"https:\/\/vadizon.de\/index.php\/wp-json\/wp\/v2\/types\/product"}],"replies":[{"embeddable":true,"href":"https:\/\/vadizon.de\/index.php\/wp-json\/wp\/v2\/comments?post=1835"}],"version-history":[{"count":2,"href":"https:\/\/vadizon.de\/index.php\/wp-json\/wp\/v2\/product\/1835\/revisions"}],"predecessor-version":[{"id":4435,"href":"https:\/\/vadizon.de\/index.php\/wp-json\/wp\/v2\/product\/1835\/revisions\/4435"}],"wp:featuredmedia":[{"embeddable":true,"href":"https:\/\/vadizon.de\/index.php\/wp-json\/wp\/v2\/media\/1944"}],"wp:attachment":[{"href":"https:\/\/vadizon.de\/index.php\/wp-json\/wp\/v2\/media?parent=1835"}],"wp:term":[{"taxonomy":"product_brand","embeddable":true,"href":"https:\/\/vadizon.de\/index.php\/wp-json\/wp\/v2\/product_brand?post=1835"},{"taxonomy":"product_cat","embeddable":true,"href":"https:\/\/vadizon.de\/index.php\/wp-json\/wp\/v2\/product_cat?post=1835"},{"taxonomy":"product_tag","embeddable":true,"href":"https:\/\/vadizon.de\/index.php\/wp-json\/wp\/v2\/product_tag?post=1835"}],"curies":[{"name":"wp","href":"https:\/\/api.w.org\/{rel}","templated":true}]}}