{"id":1779,"date":"2023-10-02T21:30:06","date_gmt":"2023-10-02T18:30:06","guid":{"rendered":"https:\/\/www.vadizon.de\/?post_type=product&#038;p=1779"},"modified":"2023-10-12T14:49:49","modified_gmt":"2023-10-12T11:49:49","slug":"solarpanel-aufhaengbare-led","status":"publish","type":"product","link":"https:\/\/vadizon.de\/index.php\/produkt\/solarpanel-aufhaengbare-led\/","title":{"rendered":"Solarpanel Aufh\u00e4ngbare LED"},"content":{"rendered":"<p>Solarpanel mit Aufh\u00e4ngung und LED-Lichtern<br \/>\n40 LED-Solarpanel, wei\u00dfes Licht, kann an Balkongel\u00e4ndern und W\u00e4nden befestigt werden. Kann 10 Stunden lang leuchten, nach 8 Stunden Ladezeit. 158 Lumen Lichtleistung, IP65 wasserdicht und f\u00fcr den Einsatz im Regen und im Garten geeignet. Betriebstemperatur von -25\u00b0C bis 65\u00b0C. Funktioniert mit einem 3,7 V 1200mAh Akku. Akku im Lieferumfang enthalten.<\/p>\n","protected":false},"excerpt":{"rendered":"<p>Solarpanel mit Aufh\u00e4ngung und LED-Lichtern 40 LED-Solarpanel, wei\u00dfes Licht, kann an Balkongel\u00e4ndern und W\u00e4nden befestigt werden. Kann 10 Stunden lang<\/p>\n","protected":false},"featured_media":1922,"comment_status":"open","ping_status":"closed","template":"","meta":[],"product_brand":[],"product_cat":[23],"product_tag":[],"class_list":{"0":"post-1779","1":"product","2":"type-product","3":"status-publish","4":"has-post-thumbnail","6":"product_cat-solar","8":"first","9":"outofstock","10":"shipping-taxable","11":"purchasable","12":"product-type-simple"},"_links":{"self":[{"href":"https:\/\/vadizon.de\/index.php\/wp-json\/wp\/v2\/product\/1779","targetHints":{"allow":["GET"]}}],"collection":[{"href":"https:\/\/vadizon.de\/index.php\/wp-json\/wp\/v2\/product"}],"about":[{"href":"https:\/\/vadizon.de\/index.php\/wp-json\/wp\/v2\/types\/product"}],"replies":[{"embeddable":true,"href":"https:\/\/vadizon.de\/index.php\/wp-json\/wp\/v2\/comments?post=1779"}],"version-history":[{"count":2,"href":"https:\/\/vadizon.de\/index.php\/wp-json\/wp\/v2\/product\/1779\/revisions"}],"predecessor-version":[{"id":4427,"href":"https:\/\/vadizon.de\/index.php\/wp-json\/wp\/v2\/product\/1779\/revisions\/4427"}],"wp:featuredmedia":[{"embeddable":true,"href":"https:\/\/vadizon.de\/index.php\/wp-json\/wp\/v2\/media\/1922"}],"wp:attachment":[{"href":"https:\/\/vadizon.de\/index.php\/wp-json\/wp\/v2\/media?parent=1779"}],"wp:term":[{"taxonomy":"product_brand","embeddable":true,"href":"https:\/\/vadizon.de\/index.php\/wp-json\/wp\/v2\/product_brand?post=1779"},{"taxonomy":"product_cat","embeddable":true,"href":"https:\/\/vadizon.de\/index.php\/wp-json\/wp\/v2\/product_cat?post=1779"},{"taxonomy":"product_tag","embeddable":true,"href":"https:\/\/vadizon.de\/index.php\/wp-json\/wp\/v2\/product_tag?post=1779"}],"curies":[{"name":"wp","href":"https:\/\/api.w.org\/{rel}","templated":true}]}}