{"id":1698,"date":"2023-10-02T21:22:55","date_gmt":"2023-10-02T18:22:55","guid":{"rendered":"https:\/\/www.vadizon.de\/?post_type=product&#038;p=1698"},"modified":"2023-10-12T14:49:46","modified_gmt":"2023-10-12T11:49:46","slug":"dlc-retro-stein-elektrischer-kamin","status":"publish","type":"product","link":"https:\/\/vadizon.de\/index.php\/produkt\/dlc-retro-stein-elektrischer-kamin\/","title":{"rendered":"DLC Retro Stein Elektrischer Kamin"},"content":{"rendered":"<ul class=\"detail-desc-list\">\n<li>Dieser Kamin wird die Atmosph\u00e4re in Ihrem Zuhause von dem Moment an, an dem er installiert ist, sowohl physisch als auch visuell auf au\u00dfergew\u00f6hnliche Weise bereichern&#8230; In den Wintermonaten k\u00f6nnen Sie die Temperatureinstellungen vornehmen und nachts die visuelle Wirkung erh\u00f6hen, um in Ruhe zu entspannen. Im Sommer k\u00f6nnen Sie die Temperaturanpassung ausschalten und mit dem visuellen Effekt allein eine einzigartige Ruhe f\u00fcr Ihre Seele schaffen. Kurz gesagt, mit unserem Kamin k\u00f6nnen Sie nicht nur Ihren W\u00e4rmebedarf decken, sondern auch ein visuelles Fest f\u00fcr Ihr Zuhause schaffen, das Sie nicht aus den Augen lassen k\u00f6nnen. Unser Produkt hat eine Garantie von 2 Jahren. Eine Montageanleitung ist in der Box enthalten. Die Installation ist sehr einfach.<\/li>\n<li>Technische Informationen:<\/li>\n<li>Material: MDF, Metall<\/li>\n<li>Geh\u00e4usefarbe: Graues MDF, wei\u00dfer Stein<\/li>\n<li>Fernbedienung<\/li>\n<li>2-stufige 750W\/1600W Heizungseinstellung<\/li>\n<li>Einstellbarer LED-Flammeneffekt<\/li>\n<li>Spannung: 220-240V-50 Hz<\/li>\n<li>Ma\u00dfe: 30cm x 100cm x 95cm (Tiefe x Breite x H\u00f6he)<\/li>\n<li>Heizt durchschnittlich 15 m\u00b2 Fl\u00e4che.<\/li>\n<\/ul>\n","protected":false},"excerpt":{"rendered":"<p>Dieser Kamin wird die Atmosph\u00e4re in Ihrem Zuhause von dem Moment an, an dem er installiert ist, sowohl physisch als<\/p>\n","protected":false},"featured_media":1870,"comment_status":"open","ping_status":"closed","template":"","meta":[],"product_brand":[],"product_cat":[31],"product_tag":[],"class_list":{"0":"post-1698","1":"product","2":"type-product","3":"status-publish","4":"has-post-thumbnail","6":"product_cat-kamin","8":"first","9":"instock","10":"shipping-taxable","11":"purchasable","12":"product-type-simple"},"_links":{"self":[{"href":"https:\/\/vadizon.de\/index.php\/wp-json\/wp\/v2\/product\/1698","targetHints":{"allow":["GET"]}}],"collection":[{"href":"https:\/\/vadizon.de\/index.php\/wp-json\/wp\/v2\/product"}],"about":[{"href":"https:\/\/vadizon.de\/index.php\/wp-json\/wp\/v2\/types\/product"}],"replies":[{"embeddable":true,"href":"https:\/\/vadizon.de\/index.php\/wp-json\/wp\/v2\/comments?post=1698"}],"version-history":[{"count":2,"href":"https:\/\/vadizon.de\/index.php\/wp-json\/wp\/v2\/product\/1698\/revisions"}],"predecessor-version":[{"id":4417,"href":"https:\/\/vadizon.de\/index.php\/wp-json\/wp\/v2\/product\/1698\/revisions\/4417"}],"wp:featuredmedia":[{"embeddable":true,"href":"https:\/\/vadizon.de\/index.php\/wp-json\/wp\/v2\/media\/1870"}],"wp:attachment":[{"href":"https:\/\/vadizon.de\/index.php\/wp-json\/wp\/v2\/media?parent=1698"}],"wp:term":[{"taxonomy":"product_brand","embeddable":true,"href":"https:\/\/vadizon.de\/index.php\/wp-json\/wp\/v2\/product_brand?post=1698"},{"taxonomy":"product_cat","embeddable":true,"href":"https:\/\/vadizon.de\/index.php\/wp-json\/wp\/v2\/product_cat?post=1698"},{"taxonomy":"product_tag","embeddable":true,"href":"https:\/\/vadizon.de\/index.php\/wp-json\/wp\/v2\/product_tag?post=1698"}],"curies":[{"name":"wp","href":"https:\/\/api.w.org\/{rel}","templated":true}]}}