{"id":1662,"date":"2023-10-02T21:20:04","date_gmt":"2023-10-02T18:20:04","guid":{"rendered":"https:\/\/www.vadizon.de\/?post_type=product&#038;p=1662"},"modified":"2023-10-12T14:49:44","modified_gmt":"2023-10-12T11:49:44","slug":"dlc-nero-small-schwarzer-marmor-dekorativer-kamin-2015","status":"publish","type":"product","link":"https:\/\/vadizon.de\/index.php\/produkt\/dlc-nero-small-schwarzer-marmor-dekorativer-kamin-2015\/","title":{"rendered":"DLC Nero Small Schwarzer Marmor Dekorativer Kamin 2015"},"content":{"rendered":"<ul class=\"detail-desc-list\">\n<li>Dieser Kamin wird die Atmosph\u00e4re in Ihrem Zuhause von dem Moment an, an dem er installiert ist, sowohl physisch als auch visuell auf au\u00dfergew\u00f6hnliche Weise bereichern. In den Wintermonaten k\u00f6nnen Sie die Temperatur einstellen und nachts die visuelle Wirkung erh\u00f6hen, um in Ruhe zu entspannen. Im Sommer k\u00f6nnen Sie die Temperatur ausschalten und sich mit dem visuellen Effekt allein eine einzigartige Ruhe g\u00f6nnen. Kurz gesagt, indem Sie unseren Kamin kaufen, k\u00f6nnen Sie nicht nur Ihren W\u00e4rmebedarf decken, sondern auch ein visuelles Fest f\u00fcr Ihr Zuhause schaffen, von dem Sie nicht genug bekommen k\u00f6nnen. Unser Produkt hat eine 2-j\u00e4hrige Garantie. Eine Montageanleitung liegt der Box bei. Die Installation ist sehr einfach.<\/li>\n<li>Technische Daten:<\/li>\n<li>* Material: MDF, Metall<\/li>\n<li>* Geh\u00e4usefarbe: Schwarze Marmoroptik<\/li>\n<li>* Fernbedienung<\/li>\n<li>* 2-stufige 900W\/1800W Heizungseinstellung<\/li>\n<li>* Einstellbarer LED-Flammeneffekt<\/li>\n<li>* Thermostatsystem<\/li>\n<li>* Zeitschaltung<\/li>\n<li>* Spannung: 220-240V-50 Hz<\/li>\n<li>* Ma\u00dfe: 28cm x 83cm x 93cm (Tiefe x Breite x H\u00f6he)<\/li>\n<li>* Heizt durchschnittlich 18 m\u00b2 Fl\u00e4che.<\/li>\n<\/ul>\n","protected":false},"excerpt":{"rendered":"<p>Dieser Kamin wird die Atmosph\u00e4re in Ihrem Zuhause von dem Moment an, an dem er installiert ist, sowohl physisch als<\/p>\n","protected":false},"featured_media":1800,"comment_status":"open","ping_status":"closed","template":"","meta":[],"product_brand":[],"product_cat":[31],"product_tag":[],"class_list":{"0":"post-1662","1":"product","2":"type-product","3":"status-publish","4":"has-post-thumbnail","6":"product_cat-kamin","8":"first","9":"instock","10":"shipping-taxable","11":"purchasable","12":"product-type-simple"},"_links":{"self":[{"href":"https:\/\/vadizon.de\/index.php\/wp-json\/wp\/v2\/product\/1662","targetHints":{"allow":["GET"]}}],"collection":[{"href":"https:\/\/vadizon.de\/index.php\/wp-json\/wp\/v2\/product"}],"about":[{"href":"https:\/\/vadizon.de\/index.php\/wp-json\/wp\/v2\/types\/product"}],"replies":[{"embeddable":true,"href":"https:\/\/vadizon.de\/index.php\/wp-json\/wp\/v2\/comments?post=1662"}],"version-history":[{"count":2,"href":"https:\/\/vadizon.de\/index.php\/wp-json\/wp\/v2\/product\/1662\/revisions"}],"predecessor-version":[{"id":4409,"href":"https:\/\/vadizon.de\/index.php\/wp-json\/wp\/v2\/product\/1662\/revisions\/4409"}],"wp:featuredmedia":[{"embeddable":true,"href":"https:\/\/vadizon.de\/index.php\/wp-json\/wp\/v2\/media\/1800"}],"wp:attachment":[{"href":"https:\/\/vadizon.de\/index.php\/wp-json\/wp\/v2\/media?parent=1662"}],"wp:term":[{"taxonomy":"product_brand","embeddable":true,"href":"https:\/\/vadizon.de\/index.php\/wp-json\/wp\/v2\/product_brand?post=1662"},{"taxonomy":"product_cat","embeddable":true,"href":"https:\/\/vadizon.de\/index.php\/wp-json\/wp\/v2\/product_cat?post=1662"},{"taxonomy":"product_tag","embeddable":true,"href":"https:\/\/vadizon.de\/index.php\/wp-json\/wp\/v2\/product_tag?post=1662"}],"curies":[{"name":"wp","href":"https:\/\/api.w.org\/{rel}","templated":true}]}}