{"id":1613,"date":"2023-10-02T21:15:20","date_gmt":"2023-10-02T18:15:20","guid":{"rendered":"https:\/\/www.vadizon.de\/?post_type=product&#038;p=1613"},"modified":"2023-10-12T14:49:43","modified_gmt":"2023-10-12T11:49:43","slug":"dlc-ceningan-marmor-muster-schwarz-elektrischer-kamin-if34","status":"publish","type":"product","link":"https:\/\/vadizon.de\/index.php\/produkt\/dlc-ceningan-marmor-muster-schwarz-elektrischer-kamin-if34\/","title":{"rendered":"DLC Ceningan Marmor Muster Schwarz Elektrischer Kamin If34"},"content":{"rendered":"<ul class=\"detail-desc-list\">\n<li>Dieser Kamin, der die Atmosph\u00e4re Ihres Hauses ver\u00e4ndern wird, wird von dem Moment an, an dem er installiert ist, sowohl physisch als auch visuell au\u00dfergew\u00f6hnliche W\u00e4rme spenden&#8230; In den Wintermonaten k\u00f6nnen Sie die Temperatur einstellen und den visuellen Effekt nachts erh\u00f6hen, um in Ruhe zu entspannen. Im Sommer k\u00f6nnen Sie die Temperatureinstellung ausschalten und Ihrer Seele nur mit dem visuellen Effekt eine einzigartige Ruhe bieten. Zusammenfassend k\u00f6nnen Sie mit dem Kauf unseres Kamins Ihren Heizbedarf decken und Ihrem Zuhause eine visuelle Show bieten, von der Sie Ihre Augen nicht abwenden k\u00f6nnen. Unser Produkt wird mit einer 2-j\u00e4hrigen Garantie geliefert. Die Installationsanleitung ist in der Box enthalten. Die Installation ist recht einfach.<\/li>\n<li>Technische Daten:<\/li>\n<li>* Material: MDF, Metall<\/li>\n<li>* Au\u00dfengeh\u00e4usefarbe: Schwarz mit Marmor-Muster<\/li>\n<li>* Ferngesteuert<\/li>\n<li>* 2-stufige 900W\/1800W Heizleistung<\/li>\n<li>* Einstellbarer LED-Flammeneffekt<\/li>\n<li>* Thermostatisches System<\/li>\n<li>* Zeiteinstellung<\/li>\n<li>* Spannung: 220-240V-50 Hz<\/li>\n<li>* Abmessungen: 25 cm x 116 cm x 75,5 cm (Tiefe x Breite x H\u00f6he)<\/li>\n<li>* Beheizt durchschnittlich 18 Quadratmeter Platz.<\/li>\n<\/ul>\n","protected":false},"excerpt":{"rendered":"<p>Dieser Kamin, der die Atmosph\u00e4re Ihres Hauses ver\u00e4ndern wird, wird von dem Moment an, an dem er installiert ist, sowohl<\/p>\n","protected":false},"featured_media":1760,"comment_status":"open","ping_status":"closed","template":"","meta":[],"product_brand":[],"product_cat":[31],"product_tag":[],"class_list":{"0":"post-1613","1":"product","2":"type-product","3":"status-publish","4":"has-post-thumbnail","6":"product_cat-kamin","8":"first","9":"instock","10":"shipping-taxable","11":"purchasable","12":"product-type-simple"},"_links":{"self":[{"href":"https:\/\/vadizon.de\/index.php\/wp-json\/wp\/v2\/product\/1613","targetHints":{"allow":["GET"]}}],"collection":[{"href":"https:\/\/vadizon.de\/index.php\/wp-json\/wp\/v2\/product"}],"about":[{"href":"https:\/\/vadizon.de\/index.php\/wp-json\/wp\/v2\/types\/product"}],"replies":[{"embeddable":true,"href":"https:\/\/vadizon.de\/index.php\/wp-json\/wp\/v2\/comments?post=1613"}],"version-history":[{"count":2,"href":"https:\/\/vadizon.de\/index.php\/wp-json\/wp\/v2\/product\/1613\/revisions"}],"predecessor-version":[{"id":4400,"href":"https:\/\/vadizon.de\/index.php\/wp-json\/wp\/v2\/product\/1613\/revisions\/4400"}],"wp:featuredmedia":[{"embeddable":true,"href":"https:\/\/vadizon.de\/index.php\/wp-json\/wp\/v2\/media\/1760"}],"wp:attachment":[{"href":"https:\/\/vadizon.de\/index.php\/wp-json\/wp\/v2\/media?parent=1613"}],"wp:term":[{"taxonomy":"product_brand","embeddable":true,"href":"https:\/\/vadizon.de\/index.php\/wp-json\/wp\/v2\/product_brand?post=1613"},{"taxonomy":"product_cat","embeddable":true,"href":"https:\/\/vadizon.de\/index.php\/wp-json\/wp\/v2\/product_cat?post=1613"},{"taxonomy":"product_tag","embeddable":true,"href":"https:\/\/vadizon.de\/index.php\/wp-json\/wp\/v2\/product_tag?post=1613"}],"curies":[{"name":"wp","href":"https:\/\/api.w.org\/{rel}","templated":true}]}}