{"id":1597,"date":"2023-10-02T21:13:05","date_gmt":"2023-10-02T18:13:05","guid":{"rendered":"https:\/\/www.vadizon.de\/?post_type=product&#038;p=1597"},"modified":"2023-10-12T14:49:43","modified_gmt":"2023-10-12T11:49:43","slug":"dlc-lembongan-retro-betonmuster-elektrischer-kamin-1800w-2613l","status":"publish","type":"product","link":"https:\/\/vadizon.de\/index.php\/produkt\/dlc-lembongan-retro-betonmuster-elektrischer-kamin-1800w-2613l\/","title":{"rendered":"DLC Lembongan Retro Betonmuster Elektrischer Kamin 1800w 2613l"},"content":{"rendered":"<p>Dieser Kamin, der von dem Moment an, in dem er installiert ist, sowohl physisch als auch visuell au\u00dfergew\u00f6hnliche W\u00e4rme in Ihr Zuhause bringt, wird die Atmosph\u00e4re Ihres Hauses ver\u00e4ndern&#8230; In den Wintermonaten k\u00f6nnen Sie die Temperatur einstellen und den visuellen Effekt in den Abendstunden erh\u00f6hen, um in Ruhe zu entspannen. Im Sommer k\u00f6nnen Sie die Temperatureinstellung ausschalten und mit nur visuellem Effekt eine einzigartige Ruhe f\u00fcr Ihre Seele schaffen. Kurz gesagt, durch den Kauf unseres Kamins k\u00f6nnen Sie nicht nur Ihren Heizbedarf decken, sondern auch ein visuelles Spektakel f\u00fcr Ihr Zuhause schaffen, von dem Sie Ihre Augen nicht abwenden k\u00f6nnen. Unser Produkt hat eine 2-j\u00e4hrige Garantie. Eine Montageanleitung ist in der Box enthalten. Die Installation ist ziemlich einfach. Technische Daten: * Material: MDF, Metall * \u00c4u\u00dfere Geh\u00e4usefarbe: Retro Grau Betonmuster * Fernbedienung * 2-stufige 900W\/1800W Heizleistung * Einstellbarer LED-Flammeneffekt * Thermostatisches System * Zeiteinstellung * Spannung: 220-240V-50 Hz * Abmessungen: 28,5 cm x 115 cm x 87,5 cm (Tiefe x Breite x H\u00f6he) * Beheizt durchschnittlich 18 Quadratmeter Fl\u00e4che.<\/p>\n","protected":false},"excerpt":{"rendered":"<p>Dieser Kamin, der von dem Moment an, in dem er installiert ist, sowohl physisch als auch visuell au\u00dfergew\u00f6hnliche W\u00e4rme in<\/p>\n","protected":false},"featured_media":1747,"comment_status":"open","ping_status":"closed","template":"","meta":[],"product_brand":[],"product_cat":[31],"product_tag":[],"class_list":{"0":"post-1597","1":"product","2":"type-product","3":"status-publish","4":"has-post-thumbnail","6":"product_cat-kamin","8":"first","9":"outofstock","10":"shipping-taxable","11":"purchasable","12":"product-type-simple"},"_links":{"self":[{"href":"https:\/\/vadizon.de\/index.php\/wp-json\/wp\/v2\/product\/1597","targetHints":{"allow":["GET"]}}],"collection":[{"href":"https:\/\/vadizon.de\/index.php\/wp-json\/wp\/v2\/product"}],"about":[{"href":"https:\/\/vadizon.de\/index.php\/wp-json\/wp\/v2\/types\/product"}],"replies":[{"embeddable":true,"href":"https:\/\/vadizon.de\/index.php\/wp-json\/wp\/v2\/comments?post=1597"}],"version-history":[{"count":2,"href":"https:\/\/vadizon.de\/index.php\/wp-json\/wp\/v2\/product\/1597\/revisions"}],"predecessor-version":[{"id":4398,"href":"https:\/\/vadizon.de\/index.php\/wp-json\/wp\/v2\/product\/1597\/revisions\/4398"}],"wp:featuredmedia":[{"embeddable":true,"href":"https:\/\/vadizon.de\/index.php\/wp-json\/wp\/v2\/media\/1747"}],"wp:attachment":[{"href":"https:\/\/vadizon.de\/index.php\/wp-json\/wp\/v2\/media?parent=1597"}],"wp:term":[{"taxonomy":"product_brand","embeddable":true,"href":"https:\/\/vadizon.de\/index.php\/wp-json\/wp\/v2\/product_brand?post=1597"},{"taxonomy":"product_cat","embeddable":true,"href":"https:\/\/vadizon.de\/index.php\/wp-json\/wp\/v2\/product_cat?post=1597"},{"taxonomy":"product_tag","embeddable":true,"href":"https:\/\/vadizon.de\/index.php\/wp-json\/wp\/v2\/product_tag?post=1597"}],"curies":[{"name":"wp","href":"https:\/\/api.w.org\/{rel}","templated":true}]}}