{"id":1586,"date":"2023-10-02T21:12:05","date_gmt":"2023-10-02T18:12:05","guid":{"rendered":"https:\/\/www.vadizon.de\/?post_type=product&#038;p=1586"},"modified":"2023-10-12T14:49:43","modified_gmt":"2023-10-12T11:49:43","slug":"dlc-penida-weisser-elektrischer-kamin-1800w-2613l","status":"publish","type":"product","link":"https:\/\/vadizon.de\/index.php\/produkt\/dlc-penida-weisser-elektrischer-kamin-1800w-2613l\/","title":{"rendered":"DLC Pen\u0131da Wei\u00dfer Elektrischer Kamin 1800w 2613l"},"content":{"rendered":"<ul class=\"detail-desc-list\">\n<li>Dieser Kamin wird die Atmosph\u00e4re in Ihrem Zuhause ver\u00e4ndern und von dem Moment an, an dem er installiert ist, sowohl physisch als auch visuell eine au\u00dfergew\u00f6hnliche W\u00e4rme in Ihr Zuhause bringen&#8230; In den Wintermonaten k\u00f6nnen Sie die Temperatureinstellungen vornehmen und sich nachts in Ruhe entspannen, indem Sie die visuellen Effekte erh\u00f6hen. Im Sommer k\u00f6nnen Sie die Temperatursteuerung ausschalten und mit nur visuellen Effekten eine einzigartige Ruhe f\u00fcr Ihre Seele schaffen. Kurz gesagt, mit unserem Kamin k\u00f6nnen Sie nicht nur Ihren W\u00e4rmebedarf decken, sondern auch ein visuelles Fest f\u00fcr Ihr Zuhause schaffen, von dem Sie Ihre Augen nicht abwenden k\u00f6nnen. Unser Produkt hat 2 Jahre Garantie. Eine Installationsanleitung befindet sich in der Box. Die Installation ist sehr einfach. Technische Daten: * Material: MDF, Metall * Au\u00dfengeh\u00e4usefarbe: Wei\u00df * Fernbedienung * 2-stufige 900W\/1800W Heizleistung * Einstellbarer LED-Flammeneffekt * Thermostatgesteuertes System * Zeiteinstellung * Spannung: 220-240V-50 Hz * Abmessungen: 28,5 cm x 115 cm x 87,5 cm (Tiefe x Breite x H\u00f6he) * Heizt durchschnittlich 18 m\u00b2 Fl\u00e4che.<\/li>\n<\/ul>\n","protected":false},"excerpt":{"rendered":"<p>Dieser Kamin wird die Atmosph\u00e4re in Ihrem Zuhause ver\u00e4ndern und von dem Moment an, an dem er installiert ist, sowohl<\/p>\n","protected":false},"featured_media":1744,"comment_status":"open","ping_status":"closed","template":"","meta":[],"product_brand":[],"product_cat":[31],"product_tag":[],"class_list":{"0":"post-1586","1":"product","2":"type-product","3":"status-publish","4":"has-post-thumbnail","6":"product_cat-kamin","8":"first","9":"instock","10":"shipping-taxable","11":"purchasable","12":"product-type-simple"},"_links":{"self":[{"href":"https:\/\/vadizon.de\/index.php\/wp-json\/wp\/v2\/product\/1586","targetHints":{"allow":["GET"]}}],"collection":[{"href":"https:\/\/vadizon.de\/index.php\/wp-json\/wp\/v2\/product"}],"about":[{"href":"https:\/\/vadizon.de\/index.php\/wp-json\/wp\/v2\/types\/product"}],"replies":[{"embeddable":true,"href":"https:\/\/vadizon.de\/index.php\/wp-json\/wp\/v2\/comments?post=1586"}],"version-history":[{"count":2,"href":"https:\/\/vadizon.de\/index.php\/wp-json\/wp\/v2\/product\/1586\/revisions"}],"predecessor-version":[{"id":4397,"href":"https:\/\/vadizon.de\/index.php\/wp-json\/wp\/v2\/product\/1586\/revisions\/4397"}],"wp:featuredmedia":[{"embeddable":true,"href":"https:\/\/vadizon.de\/index.php\/wp-json\/wp\/v2\/media\/1744"}],"wp:attachment":[{"href":"https:\/\/vadizon.de\/index.php\/wp-json\/wp\/v2\/media?parent=1586"}],"wp:term":[{"taxonomy":"product_brand","embeddable":true,"href":"https:\/\/vadizon.de\/index.php\/wp-json\/wp\/v2\/product_brand?post=1586"},{"taxonomy":"product_cat","embeddable":true,"href":"https:\/\/vadizon.de\/index.php\/wp-json\/wp\/v2\/product_cat?post=1586"},{"taxonomy":"product_tag","embeddable":true,"href":"https:\/\/vadizon.de\/index.php\/wp-json\/wp\/v2\/product_tag?post=1586"}],"curies":[{"name":"wp","href":"https:\/\/api.w.org\/{rel}","templated":true}]}}