{"id":1579,"date":"2023-10-02T21:11:38","date_gmt":"2023-10-02T18:11:38","guid":{"rendered":"https:\/\/www.vadizon.de\/?post_type=product&#038;p=1579"},"modified":"2023-10-12T14:49:43","modified_gmt":"2023-10-12T11:49:43","slug":"dlc-retro-gemusterte-kamin-1800w-if34","status":"publish","type":"product","link":"https:\/\/vadizon.de\/index.php\/produkt\/dlc-retro-gemusterte-kamin-1800w-if34\/","title":{"rendered":"DLC Retro Gemusterte Kamin 1800w If34"},"content":{"rendered":"<ul class=\"detail-desc-list\">\n<li>Dieser Kamin wird die Atmosph\u00e4re in Ihrem Zuhause ver\u00e4ndern und von dem Moment an, an dem er installiert ist, sowohl physisch als auch visuell eine au\u00dfergew\u00f6hnliche W\u00e4rme in Ihr Zuhause bringen&#8230; In den Wintermonaten k\u00f6nnen Sie die Temperatureinstellungen vornehmen und sich nachts in Ruhe entspannen, indem Sie die visuellen Effekte erh\u00f6hen. Im Sommer k\u00f6nnen Sie die Temperatursteuerung ausschalten und mit nur visuellen Effekten eine einzigartige Ruhe f\u00fcr Ihre Seele schaffen. Kurz gesagt, mit unserem Kamin k\u00f6nnen Sie nicht nur Ihren W\u00e4rmebedarf decken, sondern auch ein visuelles Fest f\u00fcr Ihr Zuhause schaffen, von dem Sie Ihre Augen nicht abwenden k\u00f6nnen.<\/li>\n<li>Unser Produkt hat 2 Jahre Garantie.<\/li>\n<li>Die Installationsanleitung befindet sich in der Box. Die Installation ist sehr einfach.<\/li>\n<li>Technische Informationen:<\/li>\n<li>* Material: MDF, Metall<\/li>\n<li>* Au\u00dfengeh\u00e4usefarbe: RETRO BETON DESEN, WEISS<\/li>\n<li>* Mit Fernbedienung<\/li>\n<li>* 2-stufige 900W\/1800W Heizleistung<\/li>\n<li>* Einstellbarer LED-Flammeneffekt<\/li>\n<li>* Thermostatgesteuertes System<\/li>\n<li>* Zeiteinstellung<\/li>\n<li>* Spannung: 220-240V-50 Hz<\/li>\n<li>* Abmessungen: 34,5 cm x 139,5 cm x 83,5 cm (Tiefe x Breite x H\u00f6he)<\/li>\n<li>* Heizt durchschnittlich 20 m\u00b2 Fl\u00e4che.<\/li>\n<\/ul>\n","protected":false},"excerpt":{"rendered":"<p>Dieser Kamin wird die Atmosph\u00e4re in Ihrem Zuhause ver\u00e4ndern und von dem Moment an, an dem er installiert ist, sowohl<\/p>\n","protected":false},"featured_media":1736,"comment_status":"open","ping_status":"closed","template":"","meta":[],"product_brand":[],"product_cat":[31],"product_tag":[],"class_list":{"0":"post-1579","1":"product","2":"type-product","3":"status-publish","4":"has-post-thumbnail","6":"product_cat-kamin","8":"first","9":"instock","10":"shipping-taxable","11":"purchasable","12":"product-type-simple"},"_links":{"self":[{"href":"https:\/\/vadizon.de\/index.php\/wp-json\/wp\/v2\/product\/1579","targetHints":{"allow":["GET"]}}],"collection":[{"href":"https:\/\/vadizon.de\/index.php\/wp-json\/wp\/v2\/product"}],"about":[{"href":"https:\/\/vadizon.de\/index.php\/wp-json\/wp\/v2\/types\/product"}],"replies":[{"embeddable":true,"href":"https:\/\/vadizon.de\/index.php\/wp-json\/wp\/v2\/comments?post=1579"}],"version-history":[{"count":2,"href":"https:\/\/vadizon.de\/index.php\/wp-json\/wp\/v2\/product\/1579\/revisions"}],"predecessor-version":[{"id":4395,"href":"https:\/\/vadizon.de\/index.php\/wp-json\/wp\/v2\/product\/1579\/revisions\/4395"}],"wp:featuredmedia":[{"embeddable":true,"href":"https:\/\/vadizon.de\/index.php\/wp-json\/wp\/v2\/media\/1736"}],"wp:attachment":[{"href":"https:\/\/vadizon.de\/index.php\/wp-json\/wp\/v2\/media?parent=1579"}],"wp:term":[{"taxonomy":"product_brand","embeddable":true,"href":"https:\/\/vadizon.de\/index.php\/wp-json\/wp\/v2\/product_brand?post=1579"},{"taxonomy":"product_cat","embeddable":true,"href":"https:\/\/vadizon.de\/index.php\/wp-json\/wp\/v2\/product_cat?post=1579"},{"taxonomy":"product_tag","embeddable":true,"href":"https:\/\/vadizon.de\/index.php\/wp-json\/wp\/v2\/product_tag?post=1579"}],"curies":[{"name":"wp","href":"https:\/\/api.w.org\/{rel}","templated":true}]}}