{"id":1578,"date":"2023-10-02T21:11:38","date_gmt":"2023-10-02T18:11:38","guid":{"rendered":"https:\/\/www.vadizon.de\/?post_type=product&#038;p=1578"},"modified":"2023-10-12T14:49:43","modified_gmt":"2023-10-12T11:49:43","slug":"dlc-atlantik-dekorativer-kamin-1800-watt","status":"publish","type":"product","link":"https:\/\/vadizon.de\/index.php\/produkt\/dlc-atlantik-dekorativer-kamin-1800-watt\/","title":{"rendered":"DLC Atlantik Dekorativer Kamin 1800 Watt"},"content":{"rendered":"<ul class=\"detail-desc-list\">\n<li>Dieser Kamin wird die Atmosph\u00e4re in Ihrem Zuhause von dem Moment an, wenn er installiert ist, sowohl physisch als auch visuell au\u00dfergew\u00f6hnlich warm und einladend ver\u00e4ndern&#8230; In den Wintermonaten k\u00f6nnen Sie die Temperatur einstellen und nachts die visuellen Effekte erh\u00f6hen, um in Ruhe zu entspannen. In den Sommermonaten k\u00f6nnen Sie die Temperatur abschalten und mit nur visuellen Effekten eine einzigartige Ruhe f\u00fcr Ihre Seele schaffen. Kurz gesagt, indem Sie unseren Kamin kaufen, k\u00f6nnen Sie nicht nur Ihren W\u00e4rmebedarf decken, sondern auch ein visuelles Spektakel schaffen, von dem Sie Ihre Augen nicht abwenden k\u00f6nnen. Unser Produkt hat eine Garantie von 2 Jahren. Eine Montageanleitung befindet sich in der Box. Die Installation ist sehr einfach.<\/li>\n<li>Technische Daten:<\/li>\n<li>* Material: Spanplatte, Metall<\/li>\n<li>* Au\u00dfenfarbe: Atlantikkiefer, Schwarz<\/li>\n<li>* Mit Fernbedienung<\/li>\n<li>* 2-stufige 900W\/1800W Heizleistung<\/li>\n<li>* Einstellbarer LED-Flammeneffekt<\/li>\n<li>* Thermostatgesteuertes System<\/li>\n<li>* Zeiteinstellung<\/li>\n<li>* Spannung: 220-240V-50 Hz<\/li>\n<li>* Abmessungen: 28,5 cm x 125 cm x 90 cm (Tiefe x Breite x H\u00f6he)<\/li>\n<li>* Heizt durchschnittlich 18 m\u00b2 Fl\u00e4che.<\/li>\n<\/ul>\n","protected":false},"excerpt":{"rendered":"<p>Dieser Kamin wird die Atmosph\u00e4re in Ihrem Zuhause von dem Moment an, wenn er installiert ist, sowohl physisch als auch<\/p>\n","protected":false},"featured_media":1730,"comment_status":"open","ping_status":"closed","template":"","meta":[],"product_brand":[],"product_cat":[31],"product_tag":[],"class_list":{"0":"post-1578","1":"product","2":"type-product","3":"status-publish","4":"has-post-thumbnail","6":"product_cat-kamin","8":"first","9":"outofstock","10":"shipping-taxable","11":"purchasable","12":"product-type-simple"},"_links":{"self":[{"href":"https:\/\/vadizon.de\/index.php\/wp-json\/wp\/v2\/product\/1578","targetHints":{"allow":["GET"]}}],"collection":[{"href":"https:\/\/vadizon.de\/index.php\/wp-json\/wp\/v2\/product"}],"about":[{"href":"https:\/\/vadizon.de\/index.php\/wp-json\/wp\/v2\/types\/product"}],"replies":[{"embeddable":true,"href":"https:\/\/vadizon.de\/index.php\/wp-json\/wp\/v2\/comments?post=1578"}],"version-history":[{"count":2,"href":"https:\/\/vadizon.de\/index.php\/wp-json\/wp\/v2\/product\/1578\/revisions"}],"predecessor-version":[{"id":4394,"href":"https:\/\/vadizon.de\/index.php\/wp-json\/wp\/v2\/product\/1578\/revisions\/4394"}],"wp:featuredmedia":[{"embeddable":true,"href":"https:\/\/vadizon.de\/index.php\/wp-json\/wp\/v2\/media\/1730"}],"wp:attachment":[{"href":"https:\/\/vadizon.de\/index.php\/wp-json\/wp\/v2\/media?parent=1578"}],"wp:term":[{"taxonomy":"product_brand","embeddable":true,"href":"https:\/\/vadizon.de\/index.php\/wp-json\/wp\/v2\/product_brand?post=1578"},{"taxonomy":"product_cat","embeddable":true,"href":"https:\/\/vadizon.de\/index.php\/wp-json\/wp\/v2\/product_cat?post=1578"},{"taxonomy":"product_tag","embeddable":true,"href":"https:\/\/vadizon.de\/index.php\/wp-json\/wp\/v2\/product_tag?post=1578"}],"curies":[{"name":"wp","href":"https:\/\/api.w.org\/{rel}","templated":true}]}}