{"id":1545,"date":"2023-10-02T21:08:45","date_gmt":"2023-10-02T18:08:45","guid":{"rendered":"https:\/\/www.vadizon.de\/?post_type=product&#038;p=1545"},"modified":"2023-10-12T14:49:41","modified_gmt":"2023-10-12T11:49:41","slug":"dlc-atlas-oval-kamin","status":"publish","type":"product","link":"https:\/\/vadizon.de\/index.php\/produkt\/dlc-atlas-oval-kamin\/","title":{"rendered":"DLC Atlas Oval Kamin"},"content":{"rendered":"<p>MATERIAL DES AU\u00dfENGEH\u00c4USES: MDF OVAL IN WEI\u00df<br \/>\nEINSATZ: METALL<br \/>\nWATT: 750W\/1600W<br \/>\nMIT FERNBEDIENUNG<br \/>\nLICHTQUELLE: LED<br \/>\nABMESSUNGEN: BREITE: 65 CM, H\u00d6HE: 105 CM, TIEFE: 34,5 CM<br \/>\nHEIZT DURCHSCHNITTLICH 16 M\u00b2 FL\u00c4CHE.<br \/>\nGEWICHT: 32 KG<\/p>\n","protected":false},"excerpt":{"rendered":"<p>MATERIAL DES AU\u00dfENGEH\u00c4USES: MDF OVAL IN WEI\u00df EINSATZ: METALL WATT: 750W\/1600W MIT FERNBEDIENUNG LICHTQUELLE: LED ABMESSUNGEN: BREITE: 65 CM, H\u00d6HE:<\/p>\n","protected":false},"featured_media":1694,"comment_status":"open","ping_status":"closed","template":"","meta":[],"product_brand":[],"product_cat":[31],"product_tag":[],"class_list":{"0":"post-1545","1":"product","2":"type-product","3":"status-publish","4":"has-post-thumbnail","6":"product_cat-kamin","8":"first","9":"outofstock","10":"shipping-taxable","11":"purchasable","12":"product-type-simple"},"_links":{"self":[{"href":"https:\/\/vadizon.de\/index.php\/wp-json\/wp\/v2\/product\/1545","targetHints":{"allow":["GET"]}}],"collection":[{"href":"https:\/\/vadizon.de\/index.php\/wp-json\/wp\/v2\/product"}],"about":[{"href":"https:\/\/vadizon.de\/index.php\/wp-json\/wp\/v2\/types\/product"}],"replies":[{"embeddable":true,"href":"https:\/\/vadizon.de\/index.php\/wp-json\/wp\/v2\/comments?post=1545"}],"version-history":[{"count":2,"href":"https:\/\/vadizon.de\/index.php\/wp-json\/wp\/v2\/product\/1545\/revisions"}],"predecessor-version":[{"id":4387,"href":"https:\/\/vadizon.de\/index.php\/wp-json\/wp\/v2\/product\/1545\/revisions\/4387"}],"wp:featuredmedia":[{"embeddable":true,"href":"https:\/\/vadizon.de\/index.php\/wp-json\/wp\/v2\/media\/1694"}],"wp:attachment":[{"href":"https:\/\/vadizon.de\/index.php\/wp-json\/wp\/v2\/media?parent=1545"}],"wp:term":[{"taxonomy":"product_brand","embeddable":true,"href":"https:\/\/vadizon.de\/index.php\/wp-json\/wp\/v2\/product_brand?post=1545"},{"taxonomy":"product_cat","embeddable":true,"href":"https:\/\/vadizon.de\/index.php\/wp-json\/wp\/v2\/product_cat?post=1545"},{"taxonomy":"product_tag","embeddable":true,"href":"https:\/\/vadizon.de\/index.php\/wp-json\/wp\/v2\/product_tag?post=1545"}],"curies":[{"name":"wp","href":"https:\/\/api.w.org\/{rel}","templated":true}]}}