{"id":1538,"date":"2023-10-02T21:08:45","date_gmt":"2023-10-02T18:08:45","guid":{"rendered":"https:\/\/www.vadizon.de\/?post_type=product&#038;p=1538"},"modified":"2023-10-12T14:49:41","modified_gmt":"2023-10-12T11:49:41","slug":"dlc-seratonya-naturstein-kamin","status":"publish","type":"product","link":"https:\/\/vadizon.de\/index.php\/produkt\/dlc-seratonya-naturstein-kamin\/","title":{"rendered":"DLC Seratonya Naturstein Kamin"},"content":{"rendered":"<p>MATERIAL DES AU\u00dfENGEH\u00c4USES: MDF WEI\u00df<br \/>\nEINSATZ: METALL<br \/>\nWATT: 900W\/1800W<br \/>\nMIT FERNBEDIENUNG<br \/>\nLICHTQUELLE: LED<br \/>\nABMESSUNGEN: BREITE: 135 cm, H\u00d6HE: 95 cm, TIEFE: 27 cm<br \/>\nGEWICHT: 45 kg<\/p>\n","protected":false},"excerpt":{"rendered":"<p>MATERIAL DES AU\u00dfENGEH\u00c4USES: MDF WEI\u00df EINSATZ: METALL WATT: 900W\/1800W MIT FERNBEDIENUNG LICHTQUELLE: LED ABMESSUNGEN: BREITE: 135 cm, H\u00d6HE: 95 cm,<\/p>\n","protected":false},"featured_media":1663,"comment_status":"open","ping_status":"closed","template":"","meta":[],"product_brand":[],"product_cat":[31],"product_tag":[],"class_list":{"0":"post-1538","1":"product","2":"type-product","3":"status-publish","4":"has-post-thumbnail","6":"product_cat-kamin","8":"first","9":"instock","10":"shipping-taxable","11":"purchasable","12":"product-type-simple"},"_links":{"self":[{"href":"https:\/\/vadizon.de\/index.php\/wp-json\/wp\/v2\/product\/1538","targetHints":{"allow":["GET"]}}],"collection":[{"href":"https:\/\/vadizon.de\/index.php\/wp-json\/wp\/v2\/product"}],"about":[{"href":"https:\/\/vadizon.de\/index.php\/wp-json\/wp\/v2\/types\/product"}],"replies":[{"embeddable":true,"href":"https:\/\/vadizon.de\/index.php\/wp-json\/wp\/v2\/comments?post=1538"}],"version-history":[{"count":2,"href":"https:\/\/vadizon.de\/index.php\/wp-json\/wp\/v2\/product\/1538\/revisions"}],"predecessor-version":[{"id":4381,"href":"https:\/\/vadizon.de\/index.php\/wp-json\/wp\/v2\/product\/1538\/revisions\/4381"}],"wp:featuredmedia":[{"embeddable":true,"href":"https:\/\/vadizon.de\/index.php\/wp-json\/wp\/v2\/media\/1663"}],"wp:attachment":[{"href":"https:\/\/vadizon.de\/index.php\/wp-json\/wp\/v2\/media?parent=1538"}],"wp:term":[{"taxonomy":"product_brand","embeddable":true,"href":"https:\/\/vadizon.de\/index.php\/wp-json\/wp\/v2\/product_brand?post=1538"},{"taxonomy":"product_cat","embeddable":true,"href":"https:\/\/vadizon.de\/index.php\/wp-json\/wp\/v2\/product_cat?post=1538"},{"taxonomy":"product_tag","embeddable":true,"href":"https:\/\/vadizon.de\/index.php\/wp-json\/wp\/v2\/product_tag?post=1538"}],"curies":[{"name":"wp","href":"https:\/\/api.w.org\/{rel}","templated":true}]}}