{"id":1537,"date":"2023-10-02T21:08:45","date_gmt":"2023-10-02T18:08:45","guid":{"rendered":"https:\/\/www.vadizon.de\/?post_type=product&#038;p=1537"},"modified":"2023-10-12T14:49:40","modified_gmt":"2023-10-12T11:49:40","slug":"dlc-bianco-weisser-marmor-kamin","status":"publish","type":"product","link":"https:\/\/vadizon.de\/index.php\/produkt\/dlc-bianco-weisser-marmor-kamin\/","title":{"rendered":"DLC Bianco Wei\u00dfer Marmor Kamin"},"content":{"rendered":"<p>MATERIAL DES AU\u00dfENGEH\u00c4USES: MDF WEI\u00df<br \/>\nEINSATZ: METALL<br \/>\nWATT: 900W\/1800W<br \/>\nMIT FERNBEDIENUNG<br \/>\nLICHTQUELLE: LED<br \/>\nABMESSUNGEN: BREITE: 114 CM, H\u00d6HE: 85 CM, TIEFE: 27 CM<br \/>\nGEWICHT: 38 KG<\/p>\n","protected":false},"excerpt":{"rendered":"<p>MATERIAL DES AU\u00dfENGEH\u00c4USES: MDF WEI\u00df EINSATZ: METALL WATT: 900W\/1800W MIT FERNBEDIENUNG LICHTQUELLE: LED ABMESSUNGEN: BREITE: 114 CM, H\u00d6HE: 85 CM,<\/p>\n","protected":false},"featured_media":1659,"comment_status":"open","ping_status":"closed","template":"","meta":[],"product_brand":[],"product_cat":[31],"product_tag":[],"class_list":{"0":"post-1537","1":"product","2":"type-product","3":"status-publish","4":"has-post-thumbnail","6":"product_cat-kamin","8":"first","9":"outofstock","10":"shipping-taxable","11":"purchasable","12":"product-type-simple"},"_links":{"self":[{"href":"https:\/\/vadizon.de\/index.php\/wp-json\/wp\/v2\/product\/1537","targetHints":{"allow":["GET"]}}],"collection":[{"href":"https:\/\/vadizon.de\/index.php\/wp-json\/wp\/v2\/product"}],"about":[{"href":"https:\/\/vadizon.de\/index.php\/wp-json\/wp\/v2\/types\/product"}],"replies":[{"embeddable":true,"href":"https:\/\/vadizon.de\/index.php\/wp-json\/wp\/v2\/comments?post=1537"}],"version-history":[{"count":2,"href":"https:\/\/vadizon.de\/index.php\/wp-json\/wp\/v2\/product\/1537\/revisions"}],"predecessor-version":[{"id":4380,"href":"https:\/\/vadizon.de\/index.php\/wp-json\/wp\/v2\/product\/1537\/revisions\/4380"}],"wp:featuredmedia":[{"embeddable":true,"href":"https:\/\/vadizon.de\/index.php\/wp-json\/wp\/v2\/media\/1659"}],"wp:attachment":[{"href":"https:\/\/vadizon.de\/index.php\/wp-json\/wp\/v2\/media?parent=1537"}],"wp:term":[{"taxonomy":"product_brand","embeddable":true,"href":"https:\/\/vadizon.de\/index.php\/wp-json\/wp\/v2\/product_brand?post=1537"},{"taxonomy":"product_cat","embeddable":true,"href":"https:\/\/vadizon.de\/index.php\/wp-json\/wp\/v2\/product_cat?post=1537"},{"taxonomy":"product_tag","embeddable":true,"href":"https:\/\/vadizon.de\/index.php\/wp-json\/wp\/v2\/product_tag?post=1537"}],"curies":[{"name":"wp","href":"https:\/\/api.w.org\/{rel}","templated":true}]}}