{"id":1532,"date":"2023-10-02T21:08:44","date_gmt":"2023-10-02T18:08:44","guid":{"rendered":"https:\/\/www.vadizon.de\/?post_type=product&#038;p=1532"},"modified":"2023-10-12T14:49:40","modified_gmt":"2023-10-12T11:49:40","slug":"dlc-lumberjack-anthrazit-kamin","status":"publish","type":"product","link":"https:\/\/vadizon.de\/index.php\/produkt\/dlc-lumberjack-anthrazit-kamin\/","title":{"rendered":"DLC LumberJack Anthrazit Kamin"},"content":{"rendered":"<p>Mit Anthrazitbeschichtung und stilvollem Design, dekorativ.<br \/>\nBietet perfekte W\u00e4rme f\u00fcr kalte Wintertage und schafft eine gem\u00fctliche, komfortable Atmosph\u00e4re im Raum.<br \/>\nMaterial: MDF<br \/>\n750W\/1600W<br \/>\nDimmbar<br \/>\nMit Fernbedienung<br \/>\nKippsicherheit<br \/>\nLichtquelle: LED-Lampe<br \/>\nDer Schalter befindet sich am Produkt.<br \/>\nAbmessungen (Tiefe\/Breite\/H\u00f6he): 27 cm x 80 cm x 101 cm<br \/>\nHeizt durchschnittlich 16 m\u00b2 Fl\u00e4che.<br \/>\nGewicht: 40 kg<br \/>\nDekorative Holzscheite sind im Lieferumfang enthalten, die Au\u00dfeneinheit ist montiert.<\/p>\n","protected":false},"excerpt":{"rendered":"<p>Mit Anthrazitbeschichtung und stilvollem Design, dekorativ. Bietet perfekte W\u00e4rme f\u00fcr kalte Wintertage und schafft eine gem\u00fctliche, komfortable Atmosph\u00e4re im Raum.<\/p>\n","protected":false},"featured_media":1629,"comment_status":"open","ping_status":"closed","template":"","meta":[],"product_brand":[],"product_cat":[31],"product_tag":[],"class_list":{"0":"post-1532","1":"product","2":"type-product","3":"status-publish","4":"has-post-thumbnail","6":"product_cat-kamin","8":"first","9":"outofstock","10":"shipping-taxable","11":"purchasable","12":"product-type-simple"},"_links":{"self":[{"href":"https:\/\/vadizon.de\/index.php\/wp-json\/wp\/v2\/product\/1532","targetHints":{"allow":["GET"]}}],"collection":[{"href":"https:\/\/vadizon.de\/index.php\/wp-json\/wp\/v2\/product"}],"about":[{"href":"https:\/\/vadizon.de\/index.php\/wp-json\/wp\/v2\/types\/product"}],"replies":[{"embeddable":true,"href":"https:\/\/vadizon.de\/index.php\/wp-json\/wp\/v2\/comments?post=1532"}],"version-history":[{"count":2,"href":"https:\/\/vadizon.de\/index.php\/wp-json\/wp\/v2\/product\/1532\/revisions"}],"predecessor-version":[{"id":4375,"href":"https:\/\/vadizon.de\/index.php\/wp-json\/wp\/v2\/product\/1532\/revisions\/4375"}],"wp:featuredmedia":[{"embeddable":true,"href":"https:\/\/vadizon.de\/index.php\/wp-json\/wp\/v2\/media\/1629"}],"wp:attachment":[{"href":"https:\/\/vadizon.de\/index.php\/wp-json\/wp\/v2\/media?parent=1532"}],"wp:term":[{"taxonomy":"product_brand","embeddable":true,"href":"https:\/\/vadizon.de\/index.php\/wp-json\/wp\/v2\/product_brand?post=1532"},{"taxonomy":"product_cat","embeddable":true,"href":"https:\/\/vadizon.de\/index.php\/wp-json\/wp\/v2\/product_cat?post=1532"},{"taxonomy":"product_tag","embeddable":true,"href":"https:\/\/vadizon.de\/index.php\/wp-json\/wp\/v2\/product_tag?post=1532"}],"curies":[{"name":"wp","href":"https:\/\/api.w.org\/{rel}","templated":true}]}}