{"id":1525,"date":"2023-10-02T21:08:44","date_gmt":"2023-10-02T18:08:44","guid":{"rendered":"https:\/\/www.vadizon.de\/?post_type=product&#038;p=1525"},"modified":"2023-10-12T14:49:39","modified_gmt":"2023-10-12T11:49:39","slug":"dlc-dekorativer-schwarzer-kamin","status":"publish","type":"product","link":"https:\/\/vadizon.de\/index.php\/produkt\/dlc-dekorativer-schwarzer-kamin\/","title":{"rendered":"DLC Dekorativer Schwarzer Kamin"},"content":{"rendered":"<p>Mit schwarzer Beschichtung und elegantem Design, dekorativ.<br \/>\nBietet perfekte W\u00e4rme f\u00fcr kalte Wintertage und schafft eine gem\u00fctliche, komfortable Atmosph\u00e4re im Raum.<br \/>\nSie k\u00f6nnen auch im Sommer die Ruhe des Feuereffekts genie\u00dfen, ohne den Ventilator einzuschalten.<br \/>\nMaterial: Metall, Glas<br \/>\nWatt: 900W\/1800W<br \/>\nKippsicherheit<br \/>\nLED-Lampe<br \/>\nDer Schalter befindet sich am Produkt.<br \/>\nAbmessungen: Breite: 59 cm, H\u00f6he: 64 cm, Tiefe: 30 cm<br \/>\nHeizt durchschnittlich 18 m\u00b2 Fl\u00e4che.<br \/>\nGewicht: 17,2 kg<\/p>\n","protected":false},"excerpt":{"rendered":"<p>Mit schwarzer Beschichtung und elegantem Design, dekorativ. Bietet perfekte W\u00e4rme f\u00fcr kalte Wintertage und schafft eine gem\u00fctliche, komfortable Atmosph\u00e4re im<\/p>\n","protected":false},"featured_media":1582,"comment_status":"open","ping_status":"closed","template":"","meta":[],"product_brand":[],"product_cat":[31],"product_tag":[],"class_list":{"0":"post-1525","1":"product","2":"type-product","3":"status-publish","4":"has-post-thumbnail","6":"product_cat-kamin","8":"first","9":"outofstock","10":"shipping-taxable","11":"purchasable","12":"product-type-simple"},"_links":{"self":[{"href":"https:\/\/vadizon.de\/index.php\/wp-json\/wp\/v2\/product\/1525","targetHints":{"allow":["GET"]}}],"collection":[{"href":"https:\/\/vadizon.de\/index.php\/wp-json\/wp\/v2\/product"}],"about":[{"href":"https:\/\/vadizon.de\/index.php\/wp-json\/wp\/v2\/types\/product"}],"replies":[{"embeddable":true,"href":"https:\/\/vadizon.de\/index.php\/wp-json\/wp\/v2\/comments?post=1525"}],"version-history":[{"count":2,"href":"https:\/\/vadizon.de\/index.php\/wp-json\/wp\/v2\/product\/1525\/revisions"}],"predecessor-version":[{"id":4368,"href":"https:\/\/vadizon.de\/index.php\/wp-json\/wp\/v2\/product\/1525\/revisions\/4368"}],"wp:featuredmedia":[{"embeddable":true,"href":"https:\/\/vadizon.de\/index.php\/wp-json\/wp\/v2\/media\/1582"}],"wp:attachment":[{"href":"https:\/\/vadizon.de\/index.php\/wp-json\/wp\/v2\/media?parent=1525"}],"wp:term":[{"taxonomy":"product_brand","embeddable":true,"href":"https:\/\/vadizon.de\/index.php\/wp-json\/wp\/v2\/product_brand?post=1525"},{"taxonomy":"product_cat","embeddable":true,"href":"https:\/\/vadizon.de\/index.php\/wp-json\/wp\/v2\/product_cat?post=1525"},{"taxonomy":"product_tag","embeddable":true,"href":"https:\/\/vadizon.de\/index.php\/wp-json\/wp\/v2\/product_tag?post=1525"}],"curies":[{"name":"wp","href":"https:\/\/api.w.org\/{rel}","templated":true}]}}