{"id":1519,"date":"2023-10-02T21:08:44","date_gmt":"2023-10-02T18:08:44","guid":{"rendered":"https:\/\/www.vadizon.de\/?post_type=product&#038;p=1519"},"modified":"2023-10-12T14:49:38","modified_gmt":"2023-10-12T11:49:38","slug":"dlc-plazma-glas-kamin","status":"publish","type":"product","link":"https:\/\/vadizon.de\/index.php\/produkt\/dlc-plazma-glas-kamin\/","title":{"rendered":"DLC Plazma Glas Kamin"},"content":{"rendered":"<p>Mit seinem schwarzen Design ist es dekorativ. Es bietet perfekte W\u00e4rme an kalten Wintertagen und schafft eine gem\u00fctliche und komfortable Atmosph\u00e4re im Raum.<br \/>\nDank der Fernbedienung k\u00f6nnen Sie es bequem von Ihrem Platz aus steuern. Im Sommer k\u00f6nnen Sie auch den Flammeneffekt genie\u00dfen, ohne den Ventilator einzuschalten.<br \/>\n&#8211; MATERIAL: GLAS<br \/>\n&#8211; WATT: 900W \/ 1800W<br \/>\n&#8211; Inklusive 12W LED<br \/>\n&#8211; MIT FERNBEDIENUNG<br \/>\n&#8211; ABMESSUNGEN (Breite \/ L\u00e4nge \/ H\u00f6he): 14,5 cm x 127 cm x 55 cm<br \/>\n&#8211; HEIZT DURCHSCHNITTLICH 18 M\u00b2 FL\u00c4CHE.<br \/>\n&#8211; GEWICHT: 30kg<\/p>\n","protected":false},"excerpt":{"rendered":"<p>Mit seinem schwarzen Design ist es dekorativ. Es bietet perfekte W\u00e4rme an kalten Wintertagen und schafft eine gem\u00fctliche und komfortable<\/p>\n","protected":false},"featured_media":1549,"comment_status":"open","ping_status":"closed","template":"","meta":[],"product_brand":[],"product_cat":[31],"product_tag":[],"class_list":{"0":"post-1519","1":"product","2":"type-product","3":"status-publish","4":"has-post-thumbnail","6":"product_cat-kamin","8":"first","9":"instock","10":"shipping-taxable","11":"purchasable","12":"product-type-simple"},"_links":{"self":[{"href":"https:\/\/vadizon.de\/index.php\/wp-json\/wp\/v2\/product\/1519","targetHints":{"allow":["GET"]}}],"collection":[{"href":"https:\/\/vadizon.de\/index.php\/wp-json\/wp\/v2\/product"}],"about":[{"href":"https:\/\/vadizon.de\/index.php\/wp-json\/wp\/v2\/types\/product"}],"replies":[{"embeddable":true,"href":"https:\/\/vadizon.de\/index.php\/wp-json\/wp\/v2\/comments?post=1519"}],"version-history":[{"count":2,"href":"https:\/\/vadizon.de\/index.php\/wp-json\/wp\/v2\/product\/1519\/revisions"}],"predecessor-version":[{"id":4362,"href":"https:\/\/vadizon.de\/index.php\/wp-json\/wp\/v2\/product\/1519\/revisions\/4362"}],"wp:featuredmedia":[{"embeddable":true,"href":"https:\/\/vadizon.de\/index.php\/wp-json\/wp\/v2\/media\/1549"}],"wp:attachment":[{"href":"https:\/\/vadizon.de\/index.php\/wp-json\/wp\/v2\/media?parent=1519"}],"wp:term":[{"taxonomy":"product_brand","embeddable":true,"href":"https:\/\/vadizon.de\/index.php\/wp-json\/wp\/v2\/product_brand?post=1519"},{"taxonomy":"product_cat","embeddable":true,"href":"https:\/\/vadizon.de\/index.php\/wp-json\/wp\/v2\/product_cat?post=1519"},{"taxonomy":"product_tag","embeddable":true,"href":"https:\/\/vadizon.de\/index.php\/wp-json\/wp\/v2\/product_tag?post=1519"}],"curies":[{"name":"wp","href":"https:\/\/api.w.org\/{rel}","templated":true}]}}